{"id":230,"date":"2025-02-12T19:57:53","date_gmt":"2025-02-12T19:57:53","guid":{"rendered":"https:\/\/viestikyyhky.fi\/?page_id=230"},"modified":"2025-02-12T19:57:53","modified_gmt":"2025-02-12T19:57:53","slug":"ohjeita-kilpailun-jarjestamiseksi","status":"publish","type":"page","link":"https:\/\/viestikyyhky.fi\/index.php\/ohjeita-kilpailun-jarjestamiseksi\/","title":{"rendered":"Ohjeita kilpailun j\u00e4rjest\u00e4miseksi"},"content":{"rendered":"\n<p><strong>Ohjeita kilpailun j\u00e4rjest\u00e4miseksi<\/strong><\/p>\n\n\n\n<p>Kilpailujen johtajan p\u00e4\u00e4asialliset teht\u00e4v\u00e4t:<\/p>\n\n\n\n<p><br>Julkaistaan kisakutsu ohjeen mukaisesti 7vrk ennen kisoja yhdistyksen keskustelupalstalla.<br>Kilpailuihin ilmoittaminen tapahtuu keskustelupalstalle 2 p\u00e4iv\u00e4\u00e4 ennen kisoja.<br><br>Keskustelupalstalla on oma osio t\u00e4t\u00e4 virallista osuutta varten.<br><br>Edellisen\u00e4 iltana linnut otetaan vastaan.<br><br>Listan mukaiset linnut tarkastetaan ja luetaan yhdistyksen Clubmasteriin.<br>Kilpailijoiden Speed laitteet luetaan my\u00f6s Clubmasteriin.<br>Clubmasterin k\u00e4ytt\u00f6 on helppoa ja siit\u00e4 tehd\u00e4\u00e4n k\u00e4ytt\u00f6ohje.<br><br>Kyyhkyt pakataan yhdistyksen kuljetuslaatikoihin. Eri lakat eri laatikoihin ja nuoret sek\u00e4 vanhat erikseen. Kilpailujen johtaja huolehtii ett\u00e4 linnut menev\u00e4t oikein. Hyv\u00e4 tapa on antaa tuojan itse ottaa lintu omasta kuljetuslaatikostaan, luet vain sirurenkaan ja annat kilpailijan itse laittaa lintunsa osoittamaasi laatikkoon. Kaikissa yhdistyksen laatikoissa on juoma-astiat ja pohjaritil\u00e4t. Kun laatikot ovat valmiit ja paikoillaan y\u00f6t\u00e4 varten t\u00e4ytet\u00e4\u00e4n juoma-astiat. Hyv\u00e4t merkinn\u00e4t vapautusta varten kuhunkin laatikkoon.<br><br>Rokotustodistukset ja kisamaksut tarkastetaan keskitetysti yhdistyksen toimesta. Kisaan ilmoittaminen tapahtuu 2 p\u00e4iv\u00e4\u00e4 ennen kisaa, joten tarkastus ehdit\u00e4\u00e4n hyvin tehd\u00e4.<br><br>Linnut vied\u00e4\u00e4n kisapaikalle v\u00e4hint\u00e4\u00e4n 2 tuntia ennen vapautusta. Tarkastetaan ett\u00e4 niill\u00e4 on tuona aikana vett\u00e4. Pidet\u00e4\u00e4n laatikot ns n\u00e4ytill\u00e4.<br><br>Linnut vapautetaan kilpailus\u00e4\u00e4nt\u00f6jen mukaan. Vapautusaika ja paikka on oltava tarkkoja eik\u00e4 niiss\u00e4 saa olla heittoja. L\u00e4ht\u00f6 on yhteisl\u00e4ht\u00f6. Vanhat vapautetaan aina ensin. Hyv\u00e4 ja linnuille yst\u00e4v\u00e4llinen tapa on ett\u00e4 nuorten laatikot on peitetty juuri vanhojen vapautuksen aikana. Nuoret turhaan h\u00e4t\u00e4\u00e4ntyv\u00e4t vanhojen per\u00e4\u00e4n. Kun vanhat ovat l\u00e4hteneet peite pois ja odotetaan nuorten l\u00e4ht\u00f6aikaa.<br><br>Raportoidaan l\u00e4ht\u00f6olosuhteet ja ilmoitetaan tarkat vapautusajat vanhoille ja nuorille.<br>On hyv\u00e4 ett\u00e4 samalla ilmoitetaan laskettu kisamatka kuhunkin lakkaan.<br><br>Kilpailujen alkupuolella ja loppupuolella on saman viikonlopun aikana kahdet kisat. Toiset torstaina ja toiset sunnuntaina. Clubmaster toimitetaan pikana heti torstaina saman viikonlopun sunnuntain kilpailujen johtajalle, niin ett\u00e4 se on h\u00e4nell\u00e4 k\u00e4yt\u00f6ss\u00e4\u00e4n jo sunnuntaina.<br><br>Speedyss\u00e4 olevat tuloajat kilpailijat julkaisevat itse kisan omalla keskustelupalstalla. Numerorenkailla kilpailleet l\u00e4hett\u00e4v\u00e4t numerot kilpailujen johtajalle viestill\u00e4. N\u00e4m\u00e4 ajat kilpailujen johtaja julkaisee. Lasketaan tulokset ja tehd\u00e4\u00e4n tuloksista taulukko tulosj\u00e4rjestyksess\u00e4. Keskustelupalstan kanssa yhteensopiva taulukon pohja toimitetaan kilpailujen johtajalle.<br><br>Speedyt toimitetaan kilpailuviikonlopun j\u00e4lkeen ma postilla tarkastukseen paikkaan jossa clubmaster on tai johon se on maanantaina toimitettu. Clubmasterista tulostetaan tulokset jotka julkaistaan yhdistyksen lopullisessa tulospalvelussa.<br><br>Laatikot pest\u00e4\u00e4n ja ruiskutetaan Virkon aineella joka ruiskupullon kanssa seuraa laatikoita. Pyrit\u00e4\u00e4n siihen ett\u00e4 samat lakat k\u00e4ytt\u00e4v\u00e4t aina samoja laatikoita. Laatikot toimitetaan itse tai rahtina seuraavan kilpailun johtajalle.<br><br>Tarkat kilpailus\u00e4\u00e4nn\u00f6t&nbsp;<a href=\"https:\/\/web.archive.org\/web\/20240718192948\/http:\/www.viestikyyhky.fi\/kilpailut.php?id=110\">sivuiltamme<\/a>.<br><br>Vaikeutena on tietenkin se ett\u00e4 jokainen kilpailija haluaa itse olla paikalla kun linnut saapuvat kotiin. Kilpailemisen suola on juuri tuo odotus ja taivaalle t\u00e4hyileminen kun lintuja odotetaan kotiin. Jos olet itse l\u00e4ht\u00f6paikalla ja l\u00e4het\u00e4t vanhoja ja nuoria, niin et yleens\u00e4 ehdi ennen lintuja kotiin. N\u00e4in menet\u00e4t yhden harrastuksen t\u00e4htihetkist\u00e4.<br><br>Itse vapautuksen pystyy kyll\u00e4 suorittamaan joku muukin, kunhan ohjeet ja ajat ovat tarkat.<br><br>Juha Ruutsalo<\/p>\n","protected":false},"excerpt":{"rendered":"<p>Ohjeita kilpailun j\u00e4rjest\u00e4miseksi Kilpailujen johtajan p\u00e4\u00e4asialliset teht\u00e4v\u00e4t: Julkaistaan kisakutsu ohjeen mukaisesti 7vrk ennen kisoja yhdistyksen keskustelupalstalla.Kilpailuihin ilmoittaminen tapahtuu keskustelupalstalle 2 p\u00e4iv\u00e4\u00e4 ennen kisoja. Keskustelupalstalla on oma osio t\u00e4t\u00e4 virallista osuutta [&hellip;]<\/p>\n","protected":false},"author":1,"featured_media":0,"parent":0,"menu_order":0,"comment_status":"closed","ping_status":"closed","template":"","meta":{"_EventAllDay":false,"_EventTimezone":"","_EventStartDate":"","_EventEndDate":"","_EventStartDateUTC":"","_EventEndDateUTC":"","_EventShowMap":false,"_EventShowMapLink":false,"_EventURL":"","_EventCost":"","_EventCostDescription":"","_EventCurrencySymbol":"","_EventCurrencyCode":"","_EventCurrencyPosition":"","_EventDateTimeSeparator":"","_EventTimeRangeSeparator":"","_EventOrganizerID":[],"_EventVenueID":[],"_OrganizerEmail":"","_OrganizerPhone":"","_OrganizerWebsite":"","_VenueAddress":"","_VenueCity":"","_VenueCountry":"","_VenueProvince":"","_VenueState":"","_VenueZip":"","_VenuePhone":"","_VenueURL":"","_VenueStateProvince":"","_VenueLat":"","_VenueLng":"","_VenueShowMap":false,"_VenueShowMapLink":false,"footnotes":""},"class_list":["post-230","page","type-page","status-publish","hentry"],"yoast_head":"<!-- This site is optimized with the Yoast SEO plugin v27.4 - https:\/\/yoast.com\/product\/yoast-seo-wordpress\/ -->\n<title>Ohjeita kilpailun j\u00e4rjest\u00e4miseksi - Suomen Viestikyyhky- Yhdistys<\/title>\n<meta name=\"robots\" content=\"index, follow, max-snippet:-1, max-image-preview:large, max-video-preview:-1\" \/>\n<link rel=\"canonical\" href=\"https:\/\/viestikyyhky.fi\/index.php\/ohjeita-kilpailun-jarjestamiseksi\/\" \/>\n<meta property=\"og:locale\" content=\"en_US\" \/>\n<meta property=\"og:type\" content=\"article\" \/>\n<meta property=\"og:title\" content=\"Ohjeita kilpailun j\u00e4rjest\u00e4miseksi - Suomen Viestikyyhky- Yhdistys\" \/>\n<meta property=\"og:description\" content=\"Ohjeita kilpailun j\u00e4rjest\u00e4miseksi Kilpailujen johtajan p\u00e4\u00e4asialliset teht\u00e4v\u00e4t: Julkaistaan kisakutsu ohjeen mukaisesti 7vrk ennen kisoja yhdistyksen keskustelupalstalla.Kilpailuihin ilmoittaminen tapahtuu keskustelupalstalle 2 p\u00e4iv\u00e4\u00e4 ennen kisoja. Keskustelupalstalla on oma osio t\u00e4t\u00e4 virallista osuutta [&hellip;]\" \/>\n<meta property=\"og:url\" content=\"https:\/\/viestikyyhky.fi\/index.php\/ohjeita-kilpailun-jarjestamiseksi\/\" \/>\n<meta property=\"og:site_name\" content=\"Suomen Viestikyyhky- Yhdistys\" \/>\n<meta name=\"twitter:card\" content=\"summary_large_image\" \/>\n<meta name=\"twitter:label1\" content=\"Est. reading time\" \/>\n\t<meta name=\"twitter:data1\" content=\"2 minutes\" \/>\n<script type=\"application\/ld+json\" class=\"yoast-schema-graph\">{\"@context\":\"https:\\\/\\\/schema.org\",\"@graph\":[{\"@type\":\"WebPage\",\"@id\":\"https:\\\/\\\/viestikyyhky.fi\\\/index.php\\\/ohjeita-kilpailun-jarjestamiseksi\\\/\",\"url\":\"https:\\\/\\\/viestikyyhky.fi\\\/index.php\\\/ohjeita-kilpailun-jarjestamiseksi\\\/\",\"name\":\"Ohjeita kilpailun j\u00e4rjest\u00e4miseksi - Suomen Viestikyyhky- Yhdistys\",\"isPartOf\":{\"@id\":\"https:\\\/\\\/viestikyyhky.fi\\\/#website\"},\"datePublished\":\"2025-02-12T19:57:53+00:00\",\"breadcrumb\":{\"@id\":\"https:\\\/\\\/viestikyyhky.fi\\\/index.php\\\/ohjeita-kilpailun-jarjestamiseksi\\\/#breadcrumb\"},\"inLanguage\":\"en-US\",\"potentialAction\":[{\"@type\":\"ReadAction\",\"target\":[\"https:\\\/\\\/viestikyyhky.fi\\\/index.php\\\/ohjeita-kilpailun-jarjestamiseksi\\\/\"]}]},{\"@type\":\"BreadcrumbList\",\"@id\":\"https:\\\/\\\/viestikyyhky.fi\\\/index.php\\\/ohjeita-kilpailun-jarjestamiseksi\\\/#breadcrumb\",\"itemListElement\":[{\"@type\":\"ListItem\",\"position\":1,\"name\":\"Home\",\"item\":\"https:\\\/\\\/viestikyyhky.fi\\\/\"},{\"@type\":\"ListItem\",\"position\":2,\"name\":\"Ohjeita kilpailun j\u00e4rjest\u00e4miseksi\"}]},{\"@type\":\"WebSite\",\"@id\":\"https:\\\/\\\/viestikyyhky.fi\\\/#website\",\"url\":\"https:\\\/\\\/viestikyyhky.fi\\\/\",\"name\":\"Suomen Viestikyyhky- Yhdistys\",\"description\":\"\",\"publisher\":{\"@id\":\"https:\\\/\\\/viestikyyhky.fi\\\/#organization\"},\"potentialAction\":[{\"@type\":\"SearchAction\",\"target\":{\"@type\":\"EntryPoint\",\"urlTemplate\":\"https:\\\/\\\/viestikyyhky.fi\\\/?s={search_term_string}\"},\"query-input\":{\"@type\":\"PropertyValueSpecification\",\"valueRequired\":true,\"valueName\":\"search_term_string\"}}],\"inLanguage\":\"en-US\"},{\"@type\":\"Organization\",\"@id\":\"https:\\\/\\\/viestikyyhky.fi\\\/#organization\",\"name\":\"Suomen Viestikyyhky- Yhdistys\",\"url\":\"https:\\\/\\\/viestikyyhky.fi\\\/\",\"logo\":{\"@type\":\"ImageObject\",\"inLanguage\":\"en-US\",\"@id\":\"https:\\\/\\\/viestikyyhky.fi\\\/#\\\/schema\\\/logo\\\/image\\\/\",\"url\":\"https:\\\/\\\/viestikyyhky.fi\\\/wp-content\\\/uploads\\\/2025\\\/01\\\/Zaki-Logo-1.png\",\"contentUrl\":\"https:\\\/\\\/viestikyyhky.fi\\\/wp-content\\\/uploads\\\/2025\\\/01\\\/Zaki-Logo-1.png\",\"width\":1274,\"height\":354,\"caption\":\"Suomen Viestikyyhky- Yhdistys\"},\"image\":{\"@id\":\"https:\\\/\\\/viestikyyhky.fi\\\/#\\\/schema\\\/logo\\\/image\\\/\"}}]}<\/script>\n<!-- \/ Yoast SEO plugin. -->","yoast_head_json":{"title":"Ohjeita kilpailun j\u00e4rjest\u00e4miseksi - Suomen Viestikyyhky- Yhdistys","robots":{"index":"index","follow":"follow","max-snippet":"max-snippet:-1","max-image-preview":"max-image-preview:large","max-video-preview":"max-video-preview:-1"},"canonical":"https:\/\/viestikyyhky.fi\/index.php\/ohjeita-kilpailun-jarjestamiseksi\/","og_locale":"en_US","og_type":"article","og_title":"Ohjeita kilpailun j\u00e4rjest\u00e4miseksi - Suomen Viestikyyhky- Yhdistys","og_description":"Ohjeita kilpailun j\u00e4rjest\u00e4miseksi Kilpailujen johtajan p\u00e4\u00e4asialliset teht\u00e4v\u00e4t: Julkaistaan kisakutsu ohjeen mukaisesti 7vrk ennen kisoja yhdistyksen keskustelupalstalla.Kilpailuihin ilmoittaminen tapahtuu keskustelupalstalle 2 p\u00e4iv\u00e4\u00e4 ennen kisoja. Keskustelupalstalla on oma osio t\u00e4t\u00e4 virallista osuutta [&hellip;]","og_url":"https:\/\/viestikyyhky.fi\/index.php\/ohjeita-kilpailun-jarjestamiseksi\/","og_site_name":"Suomen Viestikyyhky- Yhdistys","twitter_card":"summary_large_image","twitter_misc":{"Est. reading time":"2 minutes"},"schema":{"@context":"https:\/\/schema.org","@graph":[{"@type":"WebPage","@id":"https:\/\/viestikyyhky.fi\/index.php\/ohjeita-kilpailun-jarjestamiseksi\/","url":"https:\/\/viestikyyhky.fi\/index.php\/ohjeita-kilpailun-jarjestamiseksi\/","name":"Ohjeita kilpailun j\u00e4rjest\u00e4miseksi - Suomen Viestikyyhky- Yhdistys","isPartOf":{"@id":"https:\/\/viestikyyhky.fi\/#website"},"datePublished":"2025-02-12T19:57:53+00:00","breadcrumb":{"@id":"https:\/\/viestikyyhky.fi\/index.php\/ohjeita-kilpailun-jarjestamiseksi\/#breadcrumb"},"inLanguage":"en-US","potentialAction":[{"@type":"ReadAction","target":["https:\/\/viestikyyhky.fi\/index.php\/ohjeita-kilpailun-jarjestamiseksi\/"]}]},{"@type":"BreadcrumbList","@id":"https:\/\/viestikyyhky.fi\/index.php\/ohjeita-kilpailun-jarjestamiseksi\/#breadcrumb","itemListElement":[{"@type":"ListItem","position":1,"name":"Home","item":"https:\/\/viestikyyhky.fi\/"},{"@type":"ListItem","position":2,"name":"Ohjeita kilpailun j\u00e4rjest\u00e4miseksi"}]},{"@type":"WebSite","@id":"https:\/\/viestikyyhky.fi\/#website","url":"https:\/\/viestikyyhky.fi\/","name":"Suomen Viestikyyhky- Yhdistys","description":"","publisher":{"@id":"https:\/\/viestikyyhky.fi\/#organization"},"potentialAction":[{"@type":"SearchAction","target":{"@type":"EntryPoint","urlTemplate":"https:\/\/viestikyyhky.fi\/?s={search_term_string}"},"query-input":{"@type":"PropertyValueSpecification","valueRequired":true,"valueName":"search_term_string"}}],"inLanguage":"en-US"},{"@type":"Organization","@id":"https:\/\/viestikyyhky.fi\/#organization","name":"Suomen Viestikyyhky- Yhdistys","url":"https:\/\/viestikyyhky.fi\/","logo":{"@type":"ImageObject","inLanguage":"en-US","@id":"https:\/\/viestikyyhky.fi\/#\/schema\/logo\/image\/","url":"https:\/\/viestikyyhky.fi\/wp-content\/uploads\/2025\/01\/Zaki-Logo-1.png","contentUrl":"https:\/\/viestikyyhky.fi\/wp-content\/uploads\/2025\/01\/Zaki-Logo-1.png","width":1274,"height":354,"caption":"Suomen Viestikyyhky- Yhdistys"},"image":{"@id":"https:\/\/viestikyyhky.fi\/#\/schema\/logo\/image\/"}}]}},"_links":{"self":[{"href":"https:\/\/viestikyyhky.fi\/index.php\/wp-json\/wp\/v2\/pages\/230","targetHints":{"allow":["GET"]}}],"collection":[{"href":"https:\/\/viestikyyhky.fi\/index.php\/wp-json\/wp\/v2\/pages"}],"about":[{"href":"https:\/\/viestikyyhky.fi\/index.php\/wp-json\/wp\/v2\/types\/page"}],"author":[{"embeddable":true,"href":"https:\/\/viestikyyhky.fi\/index.php\/wp-json\/wp\/v2\/users\/1"}],"replies":[{"embeddable":true,"href":"https:\/\/viestikyyhky.fi\/index.php\/wp-json\/wp\/v2\/comments?post=230"}],"version-history":[{"count":1,"href":"https:\/\/viestikyyhky.fi\/index.php\/wp-json\/wp\/v2\/pages\/230\/revisions"}],"predecessor-version":[{"id":231,"href":"https:\/\/viestikyyhky.fi\/index.php\/wp-json\/wp\/v2\/pages\/230\/revisions\/231"}],"wp:attachment":[{"href":"https:\/\/viestikyyhky.fi\/index.php\/wp-json\/wp\/v2\/media?parent=230"}],"curies":[{"name":"wp","href":"https:\/\/api.w.org\/{rel}","templated":true}]}}