{"id":201,"date":"2025-02-12T20:12:36","date_gmt":"2025-02-12T20:12:36","guid":{"rendered":"https:\/\/viestikyyhky.fi\/?page_id=201"},"modified":"2025-02-12T20:12:37","modified_gmt":"2025-02-12T20:12:37","slug":"viestikyyhkyjen-historiaa","status":"publish","type":"page","link":"https:\/\/viestikyyhky.fi\/index.php\/viestikyyhkyjen-historiaa\/","title":{"rendered":"Viestikyyhkyjen historiaa"},"content":{"rendered":"\n<p><\/p>\n\n\n\n<figure class=\"wp-block-image size-large\"><img loading=\"lazy\" decoding=\"async\" width=\"1024\" height=\"715\" src=\"https:\/\/viestikyyhky.fi\/wp-content\/uploads\/2025\/02\/image-1024x715.png\" alt=\"\" class=\"wp-image-238\" srcset=\"https:\/\/viestikyyhky.fi\/wp-content\/uploads\/2025\/02\/image-1024x715.png 1024w, https:\/\/viestikyyhky.fi\/wp-content\/uploads\/2025\/02\/image-300x210.png 300w, https:\/\/viestikyyhky.fi\/wp-content\/uploads\/2025\/02\/image-768x536.png 768w, https:\/\/viestikyyhky.fi\/wp-content\/uploads\/2025\/02\/image-1536x1073.png 1536w, https:\/\/viestikyyhky.fi\/wp-content\/uploads\/2025\/02\/image.png 1924w\" sizes=\"auto, (max-width: 1024px) 100vw, 1024px\" \/><\/figure>\n\n\n\n<p>Rauhan symboliksi kyyhkynen on tullut olympialaisten ansiosta. Perinne juontaa Kreikkaan, miss\u00e4 olympialaisten tulokset l\u00e4hetettiin viestikyyhkysten avulla. T\u00e4st\u00e4 johtuen viel\u00e4 nykyisinkin olympiakisojen avajaisissa p\u00e4\u00e4stet\u00e4\u00e4n kyyhkysi\u00e4 lentoon.<br><br>Arabit k\u00e4yttiv\u00e4t kirjekyyhkyj\u00e4 jo tuhansia vuosia sitten ja keskiajalla kyyhky oli yleinen viestinviej\u00e4 V\u00e4limeren ja Keski-Euroopan maissa.<br><br>Nykyinen torikyyhkykantamme on per\u00e4isin Suomen kartanoista, joissa kasvatettiin keskiajalta l\u00e4htien kyyhkyj\u00e4. My\u00f6s papistolla oli oikeus pit\u00e4\u00e4 kyyhkyj\u00e4.<br><br>Pariisin piirityksen aikana (1871) l\u00e4hetettiin 500 kyyhkyst\u00e4 ilmapallojen koreissa maaseudulle. N\u00e4ist\u00e4 100 palasi takaisin tuoden piiritettyyn kaupunkiin t\u00e4rkeit\u00e4 viestej\u00e4. Insin\u00f6\u00f6ri Andree l\u00e4hetti tuhoon p\u00e4\u00e4ttyneelt\u00e4 naparetkelt\u00e4\u00e4n viestikyyhkyj\u00e4, joista kaksi palasi Tukholmaan tuoden viestej\u00e4 eksyksiss\u00e4 olevalta retkikunnalta.<br><br>Viime maailmansodassa oli Englannilla, Saksalla ja Ranskalla viestikyyhkysi\u00e4 viestint\u00e4teht\u00e4viss\u00e4. Suomen puolustusvoimiin perustettiin kyyhkyslakka vuonna 1922. Riihim\u00e4ell\u00e4 Viestimuseossa on n\u00e4ht\u00e4vill\u00e4 kirjekyyhkysten hoitoon liittyv\u00e4\u00e4 esineist\u00f6\u00e4 ja kirjekyyhkysohjes\u00e4\u00e4nt\u00f6.<br><br>Viel\u00e4 nykyaikanakin kirjekyyhkysi\u00e4 k\u00e4ytet\u00e4\u00e4n erikoistilanteissa. Niiden jalkaan kiinnitetyss\u00e4 putkessa voidaan siirt\u00e4\u00e4 esim. verin\u00e4ytteit\u00e4 onnettomuuspaikalta sairaalaan.<\/p>\n","protected":false},"excerpt":{"rendered":"<p>Rauhan symboliksi kyyhkynen on tullut olympialaisten ansiosta. Perinne juontaa Kreikkaan, miss\u00e4 olympialaisten tulokset l\u00e4hetettiin viestikyyhkysten avulla. T\u00e4st\u00e4 johtuen viel\u00e4 nykyisinkin olympiakisojen avajaisissa p\u00e4\u00e4stet\u00e4\u00e4n kyyhkysi\u00e4 lentoon. Arabit k\u00e4yttiv\u00e4t kirjekyyhkyj\u00e4 jo tuhansia [&hellip;]<\/p>\n","protected":false},"author":1,"featured_media":0,"parent":0,"menu_order":0,"comment_status":"closed","ping_status":"closed","template":"","meta":{"_EventAllDay":false,"_EventTimezone":"","_EventStartDate":"","_EventEndDate":"","_EventStartDateUTC":"","_EventEndDateUTC":"","_EventShowMap":false,"_EventShowMapLink":false,"_EventURL":"","_EventCost":"","_EventCostDescription":"","_EventCurrencySymbol":"","_EventCurrencyCode":"","_EventCurrencyPosition":"","_EventDateTimeSeparator":"","_EventTimeRangeSeparator":"","_EventOrganizerID":[],"_EventVenueID":[],"_OrganizerEmail":"","_OrganizerPhone":"","_OrganizerWebsite":"","_VenueAddress":"","_VenueCity":"","_VenueCountry":"","_VenueProvince":"","_VenueState":"","_VenueZip":"","_VenuePhone":"","_VenueURL":"","_VenueStateProvince":"","_VenueLat":"","_VenueLng":"","_VenueShowMap":false,"_VenueShowMapLink":false,"footnotes":""},"class_list":["post-201","page","type-page","status-publish","hentry"],"yoast_head":"<!-- This site is optimized with the Yoast SEO plugin v27.4 - https:\/\/yoast.com\/product\/yoast-seo-wordpress\/ -->\n<title>Viestikyyhkyjen historiaa - Suomen Viestikyyhky- Yhdistys<\/title>\n<meta name=\"robots\" content=\"index, follow, max-snippet:-1, max-image-preview:large, max-video-preview:-1\" \/>\n<link rel=\"canonical\" href=\"https:\/\/viestikyyhky.fi\/index.php\/viestikyyhkyjen-historiaa\/\" \/>\n<meta property=\"og:locale\" content=\"en_US\" \/>\n<meta property=\"og:type\" content=\"article\" \/>\n<meta property=\"og:title\" content=\"Viestikyyhkyjen historiaa - Suomen Viestikyyhky- Yhdistys\" \/>\n<meta property=\"og:description\" content=\"Rauhan symboliksi kyyhkynen on tullut olympialaisten ansiosta. Perinne juontaa Kreikkaan, miss\u00e4 olympialaisten tulokset l\u00e4hetettiin viestikyyhkysten avulla. T\u00e4st\u00e4 johtuen viel\u00e4 nykyisinkin olympiakisojen avajaisissa p\u00e4\u00e4stet\u00e4\u00e4n kyyhkysi\u00e4 lentoon. Arabit k\u00e4yttiv\u00e4t kirjekyyhkyj\u00e4 jo tuhansia [&hellip;]\" \/>\n<meta property=\"og:url\" content=\"https:\/\/viestikyyhky.fi\/index.php\/viestikyyhkyjen-historiaa\/\" \/>\n<meta property=\"og:site_name\" content=\"Suomen Viestikyyhky- Yhdistys\" \/>\n<meta property=\"article:modified_time\" content=\"2025-02-12T20:12:37+00:00\" \/>\n<meta property=\"og:image\" content=\"https:\/\/viestikyyhky.fi\/wp-content\/uploads\/2025\/02\/image.png\" \/>\n\t<meta property=\"og:image:width\" content=\"1924\" \/>\n\t<meta property=\"og:image:height\" content=\"1344\" \/>\n\t<meta property=\"og:image:type\" content=\"image\/png\" \/>\n<meta name=\"twitter:card\" content=\"summary_large_image\" \/>\n<meta name=\"twitter:label1\" content=\"Est. reading time\" \/>\n\t<meta name=\"twitter:data1\" content=\"1 minute\" \/>\n<script type=\"application\/ld+json\" class=\"yoast-schema-graph\">{\"@context\":\"https:\\\/\\\/schema.org\",\"@graph\":[{\"@type\":\"WebPage\",\"@id\":\"https:\\\/\\\/viestikyyhky.fi\\\/index.php\\\/viestikyyhkyjen-historiaa\\\/\",\"url\":\"https:\\\/\\\/viestikyyhky.fi\\\/index.php\\\/viestikyyhkyjen-historiaa\\\/\",\"name\":\"Viestikyyhkyjen historiaa - Suomen Viestikyyhky- Yhdistys\",\"isPartOf\":{\"@id\":\"https:\\\/\\\/viestikyyhky.fi\\\/#website\"},\"primaryImageOfPage\":{\"@id\":\"https:\\\/\\\/viestikyyhky.fi\\\/index.php\\\/viestikyyhkyjen-historiaa\\\/#primaryimage\"},\"image\":{\"@id\":\"https:\\\/\\\/viestikyyhky.fi\\\/index.php\\\/viestikyyhkyjen-historiaa\\\/#primaryimage\"},\"thumbnailUrl\":\"https:\\\/\\\/viestikyyhky.fi\\\/wp-content\\\/uploads\\\/2025\\\/02\\\/image-1024x715.png\",\"datePublished\":\"2025-02-12T20:12:36+00:00\",\"dateModified\":\"2025-02-12T20:12:37+00:00\",\"breadcrumb\":{\"@id\":\"https:\\\/\\\/viestikyyhky.fi\\\/index.php\\\/viestikyyhkyjen-historiaa\\\/#breadcrumb\"},\"inLanguage\":\"en-US\",\"potentialAction\":[{\"@type\":\"ReadAction\",\"target\":[\"https:\\\/\\\/viestikyyhky.fi\\\/index.php\\\/viestikyyhkyjen-historiaa\\\/\"]}]},{\"@type\":\"ImageObject\",\"inLanguage\":\"en-US\",\"@id\":\"https:\\\/\\\/viestikyyhky.fi\\\/index.php\\\/viestikyyhkyjen-historiaa\\\/#primaryimage\",\"url\":\"https:\\\/\\\/viestikyyhky.fi\\\/wp-content\\\/uploads\\\/2025\\\/02\\\/image.png\",\"contentUrl\":\"https:\\\/\\\/viestikyyhky.fi\\\/wp-content\\\/uploads\\\/2025\\\/02\\\/image.png\",\"width\":1924,\"height\":1344},{\"@type\":\"BreadcrumbList\",\"@id\":\"https:\\\/\\\/viestikyyhky.fi\\\/index.php\\\/viestikyyhkyjen-historiaa\\\/#breadcrumb\",\"itemListElement\":[{\"@type\":\"ListItem\",\"position\":1,\"name\":\"Home\",\"item\":\"https:\\\/\\\/viestikyyhky.fi\\\/\"},{\"@type\":\"ListItem\",\"position\":2,\"name\":\"Viestikyyhkyjen historiaa\"}]},{\"@type\":\"WebSite\",\"@id\":\"https:\\\/\\\/viestikyyhky.fi\\\/#website\",\"url\":\"https:\\\/\\\/viestikyyhky.fi\\\/\",\"name\":\"Suomen Viestikyyhky- Yhdistys\",\"description\":\"\",\"publisher\":{\"@id\":\"https:\\\/\\\/viestikyyhky.fi\\\/#organization\"},\"potentialAction\":[{\"@type\":\"SearchAction\",\"target\":{\"@type\":\"EntryPoint\",\"urlTemplate\":\"https:\\\/\\\/viestikyyhky.fi\\\/?s={search_term_string}\"},\"query-input\":{\"@type\":\"PropertyValueSpecification\",\"valueRequired\":true,\"valueName\":\"search_term_string\"}}],\"inLanguage\":\"en-US\"},{\"@type\":\"Organization\",\"@id\":\"https:\\\/\\\/viestikyyhky.fi\\\/#organization\",\"name\":\"Suomen Viestikyyhky- Yhdistys\",\"url\":\"https:\\\/\\\/viestikyyhky.fi\\\/\",\"logo\":{\"@type\":\"ImageObject\",\"inLanguage\":\"en-US\",\"@id\":\"https:\\\/\\\/viestikyyhky.fi\\\/#\\\/schema\\\/logo\\\/image\\\/\",\"url\":\"https:\\\/\\\/viestikyyhky.fi\\\/wp-content\\\/uploads\\\/2025\\\/01\\\/Zaki-Logo-1.png\",\"contentUrl\":\"https:\\\/\\\/viestikyyhky.fi\\\/wp-content\\\/uploads\\\/2025\\\/01\\\/Zaki-Logo-1.png\",\"width\":1274,\"height\":354,\"caption\":\"Suomen Viestikyyhky- Yhdistys\"},\"image\":{\"@id\":\"https:\\\/\\\/viestikyyhky.fi\\\/#\\\/schema\\\/logo\\\/image\\\/\"}}]}<\/script>\n<!-- \/ Yoast SEO plugin. -->","yoast_head_json":{"title":"Viestikyyhkyjen historiaa - Suomen Viestikyyhky- Yhdistys","robots":{"index":"index","follow":"follow","max-snippet":"max-snippet:-1","max-image-preview":"max-image-preview:large","max-video-preview":"max-video-preview:-1"},"canonical":"https:\/\/viestikyyhky.fi\/index.php\/viestikyyhkyjen-historiaa\/","og_locale":"en_US","og_type":"article","og_title":"Viestikyyhkyjen historiaa - Suomen Viestikyyhky- Yhdistys","og_description":"Rauhan symboliksi kyyhkynen on tullut olympialaisten ansiosta. Perinne juontaa Kreikkaan, miss\u00e4 olympialaisten tulokset l\u00e4hetettiin viestikyyhkysten avulla. T\u00e4st\u00e4 johtuen viel\u00e4 nykyisinkin olympiakisojen avajaisissa p\u00e4\u00e4stet\u00e4\u00e4n kyyhkysi\u00e4 lentoon. Arabit k\u00e4yttiv\u00e4t kirjekyyhkyj\u00e4 jo tuhansia [&hellip;]","og_url":"https:\/\/viestikyyhky.fi\/index.php\/viestikyyhkyjen-historiaa\/","og_site_name":"Suomen Viestikyyhky- Yhdistys","article_modified_time":"2025-02-12T20:12:37+00:00","og_image":[{"width":1924,"height":1344,"url":"https:\/\/viestikyyhky.fi\/wp-content\/uploads\/2025\/02\/image.png","type":"image\/png"}],"twitter_card":"summary_large_image","twitter_misc":{"Est. reading time":"1 minute"},"schema":{"@context":"https:\/\/schema.org","@graph":[{"@type":"WebPage","@id":"https:\/\/viestikyyhky.fi\/index.php\/viestikyyhkyjen-historiaa\/","url":"https:\/\/viestikyyhky.fi\/index.php\/viestikyyhkyjen-historiaa\/","name":"Viestikyyhkyjen historiaa - Suomen Viestikyyhky- Yhdistys","isPartOf":{"@id":"https:\/\/viestikyyhky.fi\/#website"},"primaryImageOfPage":{"@id":"https:\/\/viestikyyhky.fi\/index.php\/viestikyyhkyjen-historiaa\/#primaryimage"},"image":{"@id":"https:\/\/viestikyyhky.fi\/index.php\/viestikyyhkyjen-historiaa\/#primaryimage"},"thumbnailUrl":"https:\/\/viestikyyhky.fi\/wp-content\/uploads\/2025\/02\/image-1024x715.png","datePublished":"2025-02-12T20:12:36+00:00","dateModified":"2025-02-12T20:12:37+00:00","breadcrumb":{"@id":"https:\/\/viestikyyhky.fi\/index.php\/viestikyyhkyjen-historiaa\/#breadcrumb"},"inLanguage":"en-US","potentialAction":[{"@type":"ReadAction","target":["https:\/\/viestikyyhky.fi\/index.php\/viestikyyhkyjen-historiaa\/"]}]},{"@type":"ImageObject","inLanguage":"en-US","@id":"https:\/\/viestikyyhky.fi\/index.php\/viestikyyhkyjen-historiaa\/#primaryimage","url":"https:\/\/viestikyyhky.fi\/wp-content\/uploads\/2025\/02\/image.png","contentUrl":"https:\/\/viestikyyhky.fi\/wp-content\/uploads\/2025\/02\/image.png","width":1924,"height":1344},{"@type":"BreadcrumbList","@id":"https:\/\/viestikyyhky.fi\/index.php\/viestikyyhkyjen-historiaa\/#breadcrumb","itemListElement":[{"@type":"ListItem","position":1,"name":"Home","item":"https:\/\/viestikyyhky.fi\/"},{"@type":"ListItem","position":2,"name":"Viestikyyhkyjen historiaa"}]},{"@type":"WebSite","@id":"https:\/\/viestikyyhky.fi\/#website","url":"https:\/\/viestikyyhky.fi\/","name":"Suomen Viestikyyhky- Yhdistys","description":"","publisher":{"@id":"https:\/\/viestikyyhky.fi\/#organization"},"potentialAction":[{"@type":"SearchAction","target":{"@type":"EntryPoint","urlTemplate":"https:\/\/viestikyyhky.fi\/?s={search_term_string}"},"query-input":{"@type":"PropertyValueSpecification","valueRequired":true,"valueName":"search_term_string"}}],"inLanguage":"en-US"},{"@type":"Organization","@id":"https:\/\/viestikyyhky.fi\/#organization","name":"Suomen Viestikyyhky- Yhdistys","url":"https:\/\/viestikyyhky.fi\/","logo":{"@type":"ImageObject","inLanguage":"en-US","@id":"https:\/\/viestikyyhky.fi\/#\/schema\/logo\/image\/","url":"https:\/\/viestikyyhky.fi\/wp-content\/uploads\/2025\/01\/Zaki-Logo-1.png","contentUrl":"https:\/\/viestikyyhky.fi\/wp-content\/uploads\/2025\/01\/Zaki-Logo-1.png","width":1274,"height":354,"caption":"Suomen Viestikyyhky- Yhdistys"},"image":{"@id":"https:\/\/viestikyyhky.fi\/#\/schema\/logo\/image\/"}}]}},"_links":{"self":[{"href":"https:\/\/viestikyyhky.fi\/index.php\/wp-json\/wp\/v2\/pages\/201","targetHints":{"allow":["GET"]}}],"collection":[{"href":"https:\/\/viestikyyhky.fi\/index.php\/wp-json\/wp\/v2\/pages"}],"about":[{"href":"https:\/\/viestikyyhky.fi\/index.php\/wp-json\/wp\/v2\/types\/page"}],"author":[{"embeddable":true,"href":"https:\/\/viestikyyhky.fi\/index.php\/wp-json\/wp\/v2\/users\/1"}],"replies":[{"embeddable":true,"href":"https:\/\/viestikyyhky.fi\/index.php\/wp-json\/wp\/v2\/comments?post=201"}],"version-history":[{"count":1,"href":"https:\/\/viestikyyhky.fi\/index.php\/wp-json\/wp\/v2\/pages\/201\/revisions"}],"predecessor-version":[{"id":239,"href":"https:\/\/viestikyyhky.fi\/index.php\/wp-json\/wp\/v2\/pages\/201\/revisions\/239"}],"wp:attachment":[{"href":"https:\/\/viestikyyhky.fi\/index.php\/wp-json\/wp\/v2\/media?parent=201"}],"curies":[{"name":"wp","href":"https:\/\/api.w.org\/{rel}","templated":true}]}}