{"id":199,"date":"2025-01-31T09:36:35","date_gmt":"2025-01-31T09:36:35","guid":{"rendered":"https:\/\/viestikyyhky.fi\/?page_id=199"},"modified":"2025-01-31T09:37:56","modified_gmt":"2025-01-31T09:37:56","slug":"yhdistyksen-saannot","status":"publish","type":"page","link":"https:\/\/viestikyyhky.fi\/index.php\/yhdistyksen-saannot\/","title":{"rendered":"Yhdistyksen s\u00e4\u00e4nn\u00f6t"},"content":{"rendered":"\n<p><strong>Suomen Viestikyyhky-yhdistyksen s\u00e4\u00e4nn\u00f6t<\/strong><\/p>\n\n\n\n<p><strong>SUOMEN VIESTIKYYHKY-YHDISTYS ry:n&nbsp;S\u00c4\u00c4NN\u00d6T<\/strong><\/p>\n\n\n\n<p><strong>1. <\/strong><strong>YHDISTYKSEN NIMI JA KOTIPAIKKA<\/strong><\/p>\n\n\n\n<p>Yhdistyksen nimi on Suomen Viestikyyhky-yhdistys ry, sen kotipaikka on Jyv\u00e4skyl\u00e4n kaupunki<br>&nbsp;ja sen toimialue on koko Suomen valtion alue.<\/p>\n\n\n\n<p><strong>2. <\/strong><strong>TARKOITUS JA TOIMINNAN LAATU<\/strong><\/p>\n\n\n\n<p>Yhdistyksen tarkoitus on viestikyyhkyharrastuksen kaikinpuolinen edist\u00e4minen Suomessa sek\u00e4 j\u00e4senten, harrastajien ja yleis\u00f6n kyyhkyharrastustietouden edist\u00e4minen<\/p>\n\n\n\n<p>Tarkoitustaan yhdistys toteuttaa j\u00e4rjest\u00e4m\u00e4ll\u00e4 viestikyyhkykilpailuja sek\u00e4 tiedotus- ja koulutustilaisuuksia, antamalla lausuntoja, tekem\u00e4ll\u00e4 aloitteita ja anomuksia viranomaisille, yll\u00e4pit\u00e4m\u00e4ll\u00e4 yhdistyksen internet-sivuja, jakamalla vuosittain tunnisterenkaita j\u00e4senist\u00f6lle ja pit\u00e4m\u00e4ll\u00e4 yhteytt\u00e4 muissa maissa toimiviin kyyhkyharrastajien j\u00e4rjest\u00f6ihin sek\u00e4 toimimalla muilla edellisiin verrattavilla tavoilla kyyhkyharrastuksen parhaaksi.<\/p>\n\n\n\n<p>Toimintansa tukemiseksi yhdistys voi toimeenpanna asianmukaisen luvan saatuaan rahanker\u00e4yksi\u00e4, arpajaisia ja huvitilaisuuksia sek\u00e4 vastaanottaa testamentteja ja lahjoituksia.<\/p>\n\n\n\n<p>Yhdistys voi omistaa kiinteist\u00f6j\u00e4.<\/p>\n\n\n\n<p>Yhdistys voi perustaa rahastoja, joiden s\u00e4\u00e4nn\u00f6t vahvistaa yhdistyksen kokous.<\/p>\n\n\n\n<p><strong>3. <\/strong><strong>J\u00c4SENET<\/strong><\/p>\n\n\n\n<p>Yhdistyksen varsinaiseksi j\u00e4seneksi voidaan hyv\u00e4ksy\u00e4 viestikyyhkyharrastuksesta kiinnostunut henkil\u00f6, joka hyv\u00e4ksyy yhdistyksen tarkoituksen ja s\u00e4\u00e4nn\u00f6t.<\/p>\n\n\n\n<p>Yhdistyksen yhteis\u00f6j\u00e4seneksi voidaan hyv\u00e4ksy\u00e4 alueellinen tai maakunnallinen viestikyyhkyharrastajien rekister\u00f6ity yhdistys, joka hyv\u00e4ksyy n\u00e4iss\u00e4 s\u00e4\u00e4nn\u00f6iss\u00e4 m\u00e4\u00e4ritellyn yhdistyksen tarkoituksen ja s\u00e4\u00e4nn\u00f6t.<\/p>\n\n\n\n<p>Kannattajaj\u00e4seneksi voidaan hyv\u00e4ksy\u00e4 oikeustoimikelpoinen yhteis\u00f6, joka haluaa tukea yhdistyksen tarkoitusta ja toimintaa.<\/p>\n\n\n\n<p>Kannattajaj\u00e4senill\u00e4 ei ole \u00e4\u00e4nioikeutta.<\/p>\n\n\n\n<p>Varsinaiset j\u00e4senet, yhteis\u00f6j\u00e4senet ja kannattajaj\u00e4senet hyv\u00e4ksyy hakemuksesta yhdistyksen hallitus.<\/p>\n\n\n\n<p>Kunniapuheenjohtajaksi tai kunniaj\u00e4seneksi voidaan hallituksen esityksest\u00e4 yhdistyksen kokouksessa kutsua henkil\u00f6, joka on huomattavasti edist\u00e4nyt ja tukenut yhdistyksen toimintaa.<\/p>\n\n\n\n<p><strong>4. <\/strong><strong>J\u00c4SENEN EROAMINEN JA EROTTAMINEN<\/strong><\/p>\n\n\n\n<p>J\u00e4senell\u00e4 on oikeus erota yhdistyksest\u00e4 ilmoittamalla siit\u00e4 kirjallisesti hallitukselle tai sen puheenjohtajalle taikka ilmoittamalla erosta yhdistyksen kokouksessa merkitt\u00e4v\u00e4ksi p\u00f6yt\u00e4kirjaan.<\/p>\n\n\n\n<p>Hallitus voi erottaa j\u00e4senen yhdistyksest\u00e4 , jos j\u00e4sen on j\u00e4tt\u00e4nyt er\u00e4\u00e4ntyneen j\u00e4senmaksunsa maksamatta, jos j\u00e4sen on menettelyll\u00e4\u00e4n yhdistyksess\u00e4 tai sen ulkopuolella huomattavasti vahingoittanut yhdistyst\u00e4 tai on muuten j\u00e4tt\u00e4nyt t\u00e4ytt\u00e4m\u00e4tt\u00e4 ne velvoitteet, joihin h\u00e4n on yhdistykseen liittym\u00e4ll\u00e4 sitoutunut.<\/p>\n\n\n\n<p><br><strong>5. <\/strong><strong>J\u00c4SENMAKSU<\/strong><\/p>\n\n\n\n<p>Varsinaisilta j\u00e4senilt\u00e4, yhteis\u00f6j\u00e4senilt\u00e4 ja kannattajaj\u00e4senilt\u00e4 peritt\u00e4v\u00e4n liittymismaksun ja vuotuisen j\u00e4senmaksun suuruudesta erikseen kullekin j\u00e4senryhm\u00e4lle p\u00e4\u00e4tt\u00e4\u00e4 yhdistyksen vuosikokous.<\/p>\n\n\n\n<p>Kunniapuheenjohtaja ja kunniaj\u00e4sen eiv\u00e4t suorita j\u00e4senmaksua.<\/p>\n\n\n\n<p><strong>6. <\/strong><strong>HALLITUS<\/strong><\/p>\n\n\n\n<p>Yhdistyksen toimintaa hoitaa ja suunnittelee vuosikokouksessa valittu hallitus, johon kuuluu vuodeksi kerrallaan valittu puheenjohtaja ja v\u00e4hint\u00e4\u00e4n kaksi ( 2 ) ja enint\u00e4\u00e4n nelj\u00e4 ( 4 ) vuosittain valittua j\u00e4sent\u00e4.<\/p>\n\n\n\n<p>N\u00e4iden lis\u00e4ksi valitaan vuodeksi kerrallaan v\u00e4hint\u00e4\u00e4n kaksi ( 2 ) ja enint\u00e4\u00e4n nelj\u00e4 ( 4 ) varaj\u00e4sent\u00e4.<\/p>\n\n\n\n<p>Varaj\u00e4senet astuvat varsinaisen j\u00e4senen tilalle vuosikokouksen nime\u00e4m\u00e4ss\u00e4 j\u00e4rjestyksess\u00e4.<\/p>\n\n\n\n<p>Hallituksen toimikausi on vuosikokousten v\u00e4linen aika.<\/p>\n\n\n\n<p>Hallitus valitsee keskuudestaan varapuheenjohtajan vuosittain sek\u00e4 valitsee yhdistyksen sihteerin ja rahastonhoitajan vuodeksi kerrallaan.<\/p>\n\n\n\n<p>Hallitus voi valita sihteerin ja rahastonhoitajan hallituksen ulkopuolelta ja mainitut toimet voidaan hallituksen p\u00e4\u00e4t\u00f6ksell\u00e4 yhdist\u00e4\u00e4.<\/p>\n\n\n\n<p>Hallitus voi asettaa avukseen s\u00e4\u00e4nt\u00f6jen edellytt\u00e4mi\u00e4 teht\u00e4vi\u00e4 varten sille vastuunalaisia pysyvi\u00e4 tai tilap\u00e4isi\u00e4 toimikuntia tai ty\u00f6valiokuntia.<\/p>\n\n\n\n<p>Yhdistys voi perustaa toimintaansa varten rekister\u00f6im\u00e4tt\u00f6mi\u00e4 jaostoja.<\/p>\n\n\n\n<p>Hallitus kokoontuu puheenjohtajan tai h\u00e4nen ollessaan estynyt varapuheenjohtajan kutsusta, kun he katsovat siihen olevan aihetta tai kun v\u00e4hint\u00e4\u00e4n puolet hallituksen j\u00e4senist\u00e4 sit\u00e4. vaatii.<\/p>\n\n\n\n<p>Hallitus on p\u00e4\u00e4t\u00f6svaltainen, kun v\u00e4hint\u00e4\u00e4n puolet j\u00e4senist\u00e4 on l\u00e4sn\u00e4.<\/p>\n\n\n\n<p>\u00c4\u00e4nestykset ratkaistaan yksinkertaisella \u00e4\u00e4ntenenemmist\u00f6ll\u00e4; \u00e4\u00e4nten menness\u00e4 tasan ratkaisee puheenjohtajan \u00e4\u00e4ni, vaaleissa kuitenkin arpa.<\/p>\n\n\n\n<p><strong>7. <\/strong><strong>YHDISTYKSEN NIMEN KIRJOITTAMINEN<\/strong><\/p>\n\n\n\n<p>Yhdistyksen nimen kirjoittavat hallituksen puheenjohtaja yksin ja varapuheenjohtaja, hallituksen j\u00e4sen, sihteeri tai rahastonhoitaja kaksi yhdess\u00e4.<\/p>\n\n\n\n<p>Hallitus voi my\u00f6nt\u00e4\u00e4 nimenkirjoitusoikeuden my\u00f6s yhdelle henkil\u00f6lle yksin.<\/p>\n\n\n\n<p><strong>8. <\/strong><strong>TILIKAUSI<\/strong><\/p>\n\n\n\n<p>Yhdistyksen tilikausi alkaa elokuun ensimm\u00e4isen\u00e4 p\u00e4iv\u00e4n\u00e4 ja p\u00e4\u00e4ttyy seuraavan vuoden hein\u00e4kuun viimeisen\u00e4 p\u00e4iv\u00e4n\u00e4 (01.08. &#8211; 31.07.).<\/p>\n\n\n\n<p>Tilinp\u00e4\u00e4t\u00f6s tarvittavine asiakirjoineen ja hallituksen vuosikertomus on annettava tilintarkastajalle viimeist\u00e4\u00e4n kolme (3) viikkoa ennen vuosikokousta.<\/p>\n\n\n\n<p>Tilintarkastajan tulee antaa kirjallinen lausuntonsa viimeist\u00e4\u00e4n kaksi (2) viikkoa ennen vuosikokousta hallitukselle.<\/p>\n\n\n\n<p><strong>9. <\/strong><strong>YHDISTYKSEN KOKOUKSET<\/strong><\/p>\n\n\n\n<p>Yhdistyksen vuosikokous pidet\u00e4\u00e4n vuosittain hallituksen m\u00e4\u00e4r\u00e4\u00e4m\u00e4n\u00e4 p\u00e4iv\u00e4n\u00e4 syys-marraskuussa.<\/p>\n\n\n\n<p>Yhdistyksen kokoukset voidaan pit\u00e4\u00e4 muullakin hallituksen m\u00e4\u00e4r\u00e4\u00e4m\u00e4ll\u00e4 paikkakunnalla kuin yhdistyksen kotipaikkakunnalla.<\/p>\n\n\n\n<p>Ylim\u00e4\u00e4r\u00e4inen kokous pidet\u00e4\u00e4n, kun yhdistyksen kokous niin p\u00e4\u00e4tt\u00e4\u00e4 tai kun hallitus katsoo siihen olevan aihetta tai kun v\u00e4hint\u00e4\u00e4n kymmenesosa (1\/10) yhdistyksen \u00e4\u00e4nioikeutetuista j\u00e4senist\u00e4 sit\u00e4 hallitukselta erityisesti ilmoitettua asiaa varten kirjallisesti vaatii.<\/p>\n\n\n\n<p>Kokous on pidett\u00e4v\u00e4 kolmenkymmenen ( 30 ) vuorokauden kuluessa siit\u00e4\u201e kun vaatimus sen pit\u00e4misest\u00e4 on esitetty hallitukselle.<\/p>\n\n\n\n<p>Yhdistyksen kokouksissa on jokaisella varsinaisella j\u00e4senell\u00e4\u201e kunniapuheenjohtajalla ja kunniaj\u00e4senell\u00e4 yksi \u00e4\u00e4ni.<\/p>\n\n\n\n<p>Yhteis\u00f6j\u00e4senell\u00e4 on yksi \u00e4\u00e4ni aina alkavaa kymment\u00e4 henkil\u00f6j\u00e4sent\u00e4\u00e4n kohti. Kannattajaj\u00e4senill\u00e4 ei ole \u00e4\u00e4nioikeutta.<\/p>\n\n\n\n<p>Yhdistyksen kokouksen p\u00e4\u00e4t\u00f6kseksi tulee, ellei n\u00e4iss\u00e4 s\u00e4\u00e4nn\u00f6iss\u00e4 ole toisin m\u00e4\u00e4r\u00e4tty, se mielipide, jota on kannattanut yli puolet annetuista \u00e4\u00e4nist\u00e4.<\/p>\n\n\n\n<p>\u00c4\u00e4nten menness\u00e4 tasan ratkaisee kokouksen puheenjohtajan \u00e4\u00e4ni, vaaleissa kuitenkin arpa.<\/p>\n\n\n\n<p><strong>10. <\/strong><strong>YHDISTYKSEN KOKOUSTEN KOOLLEKUTSUMINEN<\/strong><\/p>\n\n\n\n<p>Hallituksen on kutsuttava yhdistyksen kokoukset koolle v\u00e4hint\u00e4\u00e4n nelj\u00e4toista (14) vuorokautta ennen kokousta j\u00e4senille postitetuilla kirjeill\u00e4.<\/p>\n\n\n\n<p><strong>11. <\/strong><strong>YHDISTYKSEN VUOSIKOKOUS<\/strong><\/p>\n\n\n\n<p>Yhdistyksen vuosikokouksessa k\u00e4sitell\u00e4\u00e4n seuraavat asiat:<\/p>\n\n\n\n<ol class=\"wp-block-list\">\n<li>kokouksen avaus<\/li>\n\n\n\n<li>valitaan kokouksen puheenjohtaja, sihteeri kaksi p\u00f6yt\u00e4kirjantarkastajaa ja tarvittaessa kaksi \u00e4\u00e4ntenlaskijaa<\/li>\n\n\n\n<li>todetaan kokouksen laillisuus ja p\u00e4\u00e4t\u00f6svaltaisuus<\/li>\n\n\n\n<li>hyv\u00e4ksyt\u00e4\u00e4n kokoukselle ty\u00f6j\u00e4rjestys<\/li>\n\n\n\n<li>esitet\u00e4\u00e4n tilinp\u00e4\u00e4t\u00f6s, vuosikertomus ja tilintarkastajan lausunto<\/li>\n\n\n\n<li>p\u00e4\u00e4tet\u00e4\u00e4n tilinp\u00e4\u00e4t\u00f6ksen vahvistamisesta ja vastuuvapauden my\u00f6nt\u00e4misest\u00e4 hallitukselle ja muille tilivelvollisille<\/li>\n\n\n\n<li>p\u00e4\u00e4tet\u00e4\u00e4n j\u00e4senmaksun ja liittymismaksun suuruudet kuluvalle tilivuodelle erikseen kullekin j\u00e4senryhm\u00e4lle sek\u00e4 tunnisterenkaista j\u00e4senilt\u00e4 peritt\u00e4v\u00e4n maksun suuruus<\/li>\n\n\n\n<li>vahvistetaan toimintasuunnitelma ja tulo- ja menoarvio,<\/li>\n\n\n\n<li>m\u00e4\u00e4r\u00e4t\u00e4\u00e4n hallituksen j\u00e4senten ja varaj\u00e4senten lukum\u00e4\u00e4r\u00e4 seuraavalle toimikaudelle<\/li>\n\n\n\n<li>valitaan hallituksen puheenjohtaja seuraavalle toimikaudelle<\/li>\n\n\n\n<li>valitaan hallituksen j\u00e4senet sek\u00e4 hallituksen varaj\u00e4senet seuraavalle toimikaudelle<\/li>\n\n\n\n<li>valitaan yksi tilintarkastaja ja yksi varatilintarkastaja<\/li>\n\n\n\n<li>k\u00e4sitell\u00e4\u00e4n hallituksen esitt\u00e4m\u00e4t ehdotukset kilpailukalenteriksi ja kilpailus\u00e4\u00e4nn\u00f6iksi seuraavalle toimikaudelle<\/li>\n\n\n\n<li>k\u00e4sitell\u00e4\u00e4n muut kokouskutsussa mainitut asiat<\/li>\n<\/ol>\n\n\n\n<p>Mik\u00e4li yhdistyksen j\u00e4sen haluaa saada jonkin asian yhdistyksen kokouksen k\u00e4sitelt\u00e4v\u00e4ksi, on h\u00e4nen ilmoitettava siit\u00e4 kirjallisesti hallitukselle niin hyviss\u00e4 ajoin, ett\u00e4 asia voidaan sis\u00e4llytt\u00e4\u00e4 kokouskutsuun<\/p>\n\n\n\n<p><strong>12. S\u00c4\u00c4NT\u00d6JEN MUUTTAMINEN JA YHDISTYKSEN PURKAMINEN<\/strong><\/p>\n\n\n\n<p>P\u00e4\u00e4t\u00f6s s\u00e4\u00e4nt\u00f6jen muuttamisesta tai yhdistyksen purkamisesta on teht\u00e4v\u00e4 yhdistyksen kokouksessa v\u00e4hint\u00e4\u00e4n kolmen nelj\u00e4sosan (3\/4) enemmist\u00f6ll\u00e4 annetuista \u00e4\u00e4nist\u00e4.<\/p>\n\n\n\n<p>Kokouskutsussa on mainittava s\u00e4\u00e4nt\u00f6jen muuttamisesta tai yhdistyksen purkamisesta.<\/p>\n\n\n\n<p>Yhdistyksen purkautuessa k\u00e4ytet\u00e4\u00e4n sen varat yhdistyksen tarkoituksen edist\u00e4miseen purkamisesta p\u00e4\u00e4tt\u00e4v\u00e4n kokouksen m\u00e4\u00e4r\u00e4\u00e4m\u00e4ll\u00e4 tavalla. Yhdistyksen tullessa lakkautetuksi k\u00e4ytet\u00e4\u00e4n sen varat samaan tarkoitukseen.<\/p>\n\n\n\n<p><br>N\u00e4m\u00e4 s\u00e4\u00e4nn\u00f6t on vahvistettu yhdistyksen kokouksessa H\u00e4meenlinnassa 21. p\u00e4iv\u00e4n\u00e4 syyskuuta 2003.<\/p>\n","protected":false},"excerpt":{"rendered":"<p>Suomen Viestikyyhky-yhdistyksen s\u00e4\u00e4nn\u00f6t SUOMEN VIESTIKYYHKY-YHDISTYS ry:n&nbsp;S\u00c4\u00c4NN\u00d6T 1. YHDISTYKSEN NIMI JA KOTIPAIKKA Yhdistyksen nimi on Suomen Viestikyyhky-yhdistys ry, sen kotipaikka on Jyv\u00e4skyl\u00e4n kaupunki&nbsp;ja sen toimialue on koko Suomen valtion alue. 2. [&hellip;]<\/p>\n","protected":false},"author":1,"featured_media":99,"parent":0,"menu_order":0,"comment_status":"closed","ping_status":"closed","template":"","meta":{"_EventAllDay":false,"_EventTimezone":"","_EventStartDate":"","_EventEndDate":"","_EventStartDateUTC":"","_EventEndDateUTC":"","_EventShowMap":false,"_EventShowMapLink":false,"_EventURL":"","_EventCost":"","_EventCostDescription":"","_EventCurrencySymbol":"","_EventCurrencyCode":"","_EventCurrencyPosition":"","_EventDateTimeSeparator":"","_EventTimeRangeSeparator":"","_EventOrganizerID":[],"_EventVenueID":[],"_OrganizerEmail":"","_OrganizerPhone":"","_OrganizerWebsite":"","_VenueAddress":"","_VenueCity":"","_VenueCountry":"","_VenueProvince":"","_VenueState":"","_VenueZip":"","_VenuePhone":"","_VenueURL":"","_VenueStateProvince":"","_VenueLat":"","_VenueLng":"","_VenueShowMap":false,"_VenueShowMapLink":false,"footnotes":""},"class_list":["post-199","page","type-page","status-publish","has-post-thumbnail","hentry"],"yoast_head":"<!-- This site is optimized with the Yoast SEO plugin v27.4 - https:\/\/yoast.com\/product\/yoast-seo-wordpress\/ -->\n<title>Yhdistyksen s\u00e4\u00e4nn\u00f6t - Suomen Viestikyyhky- Yhdistys<\/title>\n<meta name=\"robots\" content=\"index, follow, max-snippet:-1, max-image-preview:large, max-video-preview:-1\" \/>\n<link rel=\"canonical\" href=\"https:\/\/viestikyyhky.fi\/index.php\/yhdistyksen-saannot\/\" \/>\n<meta property=\"og:locale\" content=\"en_US\" \/>\n<meta property=\"og:type\" content=\"article\" \/>\n<meta property=\"og:title\" content=\"Yhdistyksen s\u00e4\u00e4nn\u00f6t - Suomen Viestikyyhky- Yhdistys\" \/>\n<meta property=\"og:description\" content=\"Suomen Viestikyyhky-yhdistyksen s\u00e4\u00e4nn\u00f6t SUOMEN VIESTIKYYHKY-YHDISTYS ry:n&nbsp;S\u00c4\u00c4NN\u00d6T 1. YHDISTYKSEN NIMI JA KOTIPAIKKA Yhdistyksen nimi on Suomen Viestikyyhky-yhdistys ry, sen kotipaikka on Jyv\u00e4skyl\u00e4n kaupunki&nbsp;ja sen toimialue on koko Suomen valtion alue. 2. [&hellip;]\" \/>\n<meta property=\"og:url\" content=\"https:\/\/viestikyyhky.fi\/index.php\/yhdistyksen-saannot\/\" \/>\n<meta property=\"og:site_name\" content=\"Suomen Viestikyyhky- Yhdistys\" \/>\n<meta property=\"article:modified_time\" content=\"2025-01-31T09:37:56+00:00\" \/>\n<meta property=\"og:image\" content=\"https:\/\/viestikyyhky.fi\/wp-content\/uploads\/2025\/01\/september2009_014_600.jpg\" \/>\n\t<meta property=\"og:image:width\" content=\"600\" \/>\n\t<meta property=\"og:image:height\" content=\"298\" \/>\n\t<meta property=\"og:image:type\" content=\"image\/jpeg\" \/>\n<meta name=\"twitter:card\" content=\"summary_large_image\" \/>\n<meta name=\"twitter:label1\" content=\"Est. reading time\" \/>\n\t<meta name=\"twitter:data1\" content=\"5 minutes\" \/>\n<script type=\"application\/ld+json\" class=\"yoast-schema-graph\">{\"@context\":\"https:\\\/\\\/schema.org\",\"@graph\":[{\"@type\":\"WebPage\",\"@id\":\"https:\\\/\\\/viestikyyhky.fi\\\/index.php\\\/yhdistyksen-saannot\\\/\",\"url\":\"https:\\\/\\\/viestikyyhky.fi\\\/index.php\\\/yhdistyksen-saannot\\\/\",\"name\":\"Yhdistyksen s\u00e4\u00e4nn\u00f6t - Suomen Viestikyyhky- Yhdistys\",\"isPartOf\":{\"@id\":\"https:\\\/\\\/viestikyyhky.fi\\\/#website\"},\"primaryImageOfPage\":{\"@id\":\"https:\\\/\\\/viestikyyhky.fi\\\/index.php\\\/yhdistyksen-saannot\\\/#primaryimage\"},\"image\":{\"@id\":\"https:\\\/\\\/viestikyyhky.fi\\\/index.php\\\/yhdistyksen-saannot\\\/#primaryimage\"},\"thumbnailUrl\":\"https:\\\/\\\/viestikyyhky.fi\\\/wp-content\\\/uploads\\\/2025\\\/01\\\/september2009_014_600.jpg\",\"datePublished\":\"2025-01-31T09:36:35+00:00\",\"dateModified\":\"2025-01-31T09:37:56+00:00\",\"breadcrumb\":{\"@id\":\"https:\\\/\\\/viestikyyhky.fi\\\/index.php\\\/yhdistyksen-saannot\\\/#breadcrumb\"},\"inLanguage\":\"en-US\",\"potentialAction\":[{\"@type\":\"ReadAction\",\"target\":[\"https:\\\/\\\/viestikyyhky.fi\\\/index.php\\\/yhdistyksen-saannot\\\/\"]}]},{\"@type\":\"ImageObject\",\"inLanguage\":\"en-US\",\"@id\":\"https:\\\/\\\/viestikyyhky.fi\\\/index.php\\\/yhdistyksen-saannot\\\/#primaryimage\",\"url\":\"https:\\\/\\\/viestikyyhky.fi\\\/wp-content\\\/uploads\\\/2025\\\/01\\\/september2009_014_600.jpg\",\"contentUrl\":\"https:\\\/\\\/viestikyyhky.fi\\\/wp-content\\\/uploads\\\/2025\\\/01\\\/september2009_014_600.jpg\",\"width\":600,\"height\":298},{\"@type\":\"BreadcrumbList\",\"@id\":\"https:\\\/\\\/viestikyyhky.fi\\\/index.php\\\/yhdistyksen-saannot\\\/#breadcrumb\",\"itemListElement\":[{\"@type\":\"ListItem\",\"position\":1,\"name\":\"Home\",\"item\":\"https:\\\/\\\/viestikyyhky.fi\\\/\"},{\"@type\":\"ListItem\",\"position\":2,\"name\":\"Yhdistyksen s\u00e4\u00e4nn\u00f6t\"}]},{\"@type\":\"WebSite\",\"@id\":\"https:\\\/\\\/viestikyyhky.fi\\\/#website\",\"url\":\"https:\\\/\\\/viestikyyhky.fi\\\/\",\"name\":\"Suomen Viestikyyhky- Yhdistys\",\"description\":\"\",\"publisher\":{\"@id\":\"https:\\\/\\\/viestikyyhky.fi\\\/#organization\"},\"potentialAction\":[{\"@type\":\"SearchAction\",\"target\":{\"@type\":\"EntryPoint\",\"urlTemplate\":\"https:\\\/\\\/viestikyyhky.fi\\\/?s={search_term_string}\"},\"query-input\":{\"@type\":\"PropertyValueSpecification\",\"valueRequired\":true,\"valueName\":\"search_term_string\"}}],\"inLanguage\":\"en-US\"},{\"@type\":\"Organization\",\"@id\":\"https:\\\/\\\/viestikyyhky.fi\\\/#organization\",\"name\":\"Suomen Viestikyyhky- Yhdistys\",\"url\":\"https:\\\/\\\/viestikyyhky.fi\\\/\",\"logo\":{\"@type\":\"ImageObject\",\"inLanguage\":\"en-US\",\"@id\":\"https:\\\/\\\/viestikyyhky.fi\\\/#\\\/schema\\\/logo\\\/image\\\/\",\"url\":\"https:\\\/\\\/viestikyyhky.fi\\\/wp-content\\\/uploads\\\/2025\\\/01\\\/Zaki-Logo-1.png\",\"contentUrl\":\"https:\\\/\\\/viestikyyhky.fi\\\/wp-content\\\/uploads\\\/2025\\\/01\\\/Zaki-Logo-1.png\",\"width\":1274,\"height\":354,\"caption\":\"Suomen Viestikyyhky- Yhdistys\"},\"image\":{\"@id\":\"https:\\\/\\\/viestikyyhky.fi\\\/#\\\/schema\\\/logo\\\/image\\\/\"}}]}<\/script>\n<!-- \/ Yoast SEO plugin. -->","yoast_head_json":{"title":"Yhdistyksen s\u00e4\u00e4nn\u00f6t - Suomen Viestikyyhky- Yhdistys","robots":{"index":"index","follow":"follow","max-snippet":"max-snippet:-1","max-image-preview":"max-image-preview:large","max-video-preview":"max-video-preview:-1"},"canonical":"https:\/\/viestikyyhky.fi\/index.php\/yhdistyksen-saannot\/","og_locale":"en_US","og_type":"article","og_title":"Yhdistyksen s\u00e4\u00e4nn\u00f6t - Suomen Viestikyyhky- Yhdistys","og_description":"Suomen Viestikyyhky-yhdistyksen s\u00e4\u00e4nn\u00f6t SUOMEN VIESTIKYYHKY-YHDISTYS ry:n&nbsp;S\u00c4\u00c4NN\u00d6T 1. YHDISTYKSEN NIMI JA KOTIPAIKKA Yhdistyksen nimi on Suomen Viestikyyhky-yhdistys ry, sen kotipaikka on Jyv\u00e4skyl\u00e4n kaupunki&nbsp;ja sen toimialue on koko Suomen valtion alue. 2. [&hellip;]","og_url":"https:\/\/viestikyyhky.fi\/index.php\/yhdistyksen-saannot\/","og_site_name":"Suomen Viestikyyhky- Yhdistys","article_modified_time":"2025-01-31T09:37:56+00:00","og_image":[{"width":600,"height":298,"url":"https:\/\/viestikyyhky.fi\/wp-content\/uploads\/2025\/01\/september2009_014_600.jpg","type":"image\/jpeg"}],"twitter_card":"summary_large_image","twitter_misc":{"Est. reading time":"5 minutes"},"schema":{"@context":"https:\/\/schema.org","@graph":[{"@type":"WebPage","@id":"https:\/\/viestikyyhky.fi\/index.php\/yhdistyksen-saannot\/","url":"https:\/\/viestikyyhky.fi\/index.php\/yhdistyksen-saannot\/","name":"Yhdistyksen s\u00e4\u00e4nn\u00f6t - Suomen Viestikyyhky- Yhdistys","isPartOf":{"@id":"https:\/\/viestikyyhky.fi\/#website"},"primaryImageOfPage":{"@id":"https:\/\/viestikyyhky.fi\/index.php\/yhdistyksen-saannot\/#primaryimage"},"image":{"@id":"https:\/\/viestikyyhky.fi\/index.php\/yhdistyksen-saannot\/#primaryimage"},"thumbnailUrl":"https:\/\/viestikyyhky.fi\/wp-content\/uploads\/2025\/01\/september2009_014_600.jpg","datePublished":"2025-01-31T09:36:35+00:00","dateModified":"2025-01-31T09:37:56+00:00","breadcrumb":{"@id":"https:\/\/viestikyyhky.fi\/index.php\/yhdistyksen-saannot\/#breadcrumb"},"inLanguage":"en-US","potentialAction":[{"@type":"ReadAction","target":["https:\/\/viestikyyhky.fi\/index.php\/yhdistyksen-saannot\/"]}]},{"@type":"ImageObject","inLanguage":"en-US","@id":"https:\/\/viestikyyhky.fi\/index.php\/yhdistyksen-saannot\/#primaryimage","url":"https:\/\/viestikyyhky.fi\/wp-content\/uploads\/2025\/01\/september2009_014_600.jpg","contentUrl":"https:\/\/viestikyyhky.fi\/wp-content\/uploads\/2025\/01\/september2009_014_600.jpg","width":600,"height":298},{"@type":"BreadcrumbList","@id":"https:\/\/viestikyyhky.fi\/index.php\/yhdistyksen-saannot\/#breadcrumb","itemListElement":[{"@type":"ListItem","position":1,"name":"Home","item":"https:\/\/viestikyyhky.fi\/"},{"@type":"ListItem","position":2,"name":"Yhdistyksen s\u00e4\u00e4nn\u00f6t"}]},{"@type":"WebSite","@id":"https:\/\/viestikyyhky.fi\/#website","url":"https:\/\/viestikyyhky.fi\/","name":"Suomen Viestikyyhky- Yhdistys","description":"","publisher":{"@id":"https:\/\/viestikyyhky.fi\/#organization"},"potentialAction":[{"@type":"SearchAction","target":{"@type":"EntryPoint","urlTemplate":"https:\/\/viestikyyhky.fi\/?s={search_term_string}"},"query-input":{"@type":"PropertyValueSpecification","valueRequired":true,"valueName":"search_term_string"}}],"inLanguage":"en-US"},{"@type":"Organization","@id":"https:\/\/viestikyyhky.fi\/#organization","name":"Suomen Viestikyyhky- Yhdistys","url":"https:\/\/viestikyyhky.fi\/","logo":{"@type":"ImageObject","inLanguage":"en-US","@id":"https:\/\/viestikyyhky.fi\/#\/schema\/logo\/image\/","url":"https:\/\/viestikyyhky.fi\/wp-content\/uploads\/2025\/01\/Zaki-Logo-1.png","contentUrl":"https:\/\/viestikyyhky.fi\/wp-content\/uploads\/2025\/01\/Zaki-Logo-1.png","width":1274,"height":354,"caption":"Suomen Viestikyyhky- Yhdistys"},"image":{"@id":"https:\/\/viestikyyhky.fi\/#\/schema\/logo\/image\/"}}]}},"_links":{"self":[{"href":"https:\/\/viestikyyhky.fi\/index.php\/wp-json\/wp\/v2\/pages\/199","targetHints":{"allow":["GET"]}}],"collection":[{"href":"https:\/\/viestikyyhky.fi\/index.php\/wp-json\/wp\/v2\/pages"}],"about":[{"href":"https:\/\/viestikyyhky.fi\/index.php\/wp-json\/wp\/v2\/types\/page"}],"author":[{"embeddable":true,"href":"https:\/\/viestikyyhky.fi\/index.php\/wp-json\/wp\/v2\/users\/1"}],"replies":[{"embeddable":true,"href":"https:\/\/viestikyyhky.fi\/index.php\/wp-json\/wp\/v2\/comments?post=199"}],"version-history":[{"count":2,"href":"https:\/\/viestikyyhky.fi\/index.php\/wp-json\/wp\/v2\/pages\/199\/revisions"}],"predecessor-version":[{"id":207,"href":"https:\/\/viestikyyhky.fi\/index.php\/wp-json\/wp\/v2\/pages\/199\/revisions\/207"}],"wp:featuredmedia":[{"embeddable":true,"href":"https:\/\/viestikyyhky.fi\/index.php\/wp-json\/wp\/v2\/media\/99"}],"wp:attachment":[{"href":"https:\/\/viestikyyhky.fi\/index.php\/wp-json\/wp\/v2\/media?parent=199"}],"curies":[{"name":"wp","href":"https:\/\/api.w.org\/{rel}","templated":true}]}}