{"id":197,"date":"2025-02-12T19:50:41","date_gmt":"2025-02-12T19:50:41","guid":{"rendered":"https:\/\/viestikyyhky.fi\/?page_id=197"},"modified":"2025-02-12T19:50:41","modified_gmt":"2025-02-12T19:50:41","slug":"kyyhkystaudit","status":"publish","type":"page","link":"https:\/\/viestikyyhky.fi\/index.php\/kyyhkystaudit\/","title":{"rendered":"Kyyhkystaudit"},"content":{"rendered":"\n<p>T\u00e4ss\u00e4 lista kyyhkyjen tavallisimmista sairauksista. Jotkut niist\u00e4 vaativat l\u00e4\u00e4kityst\u00e4, er\u00e4\u00e4t paranevat itsest\u00e4\u00e4n. Taudit voivat olla piilevin\u00e4 ja puhkeavat vasta linnun yleiskunnon heikennytty\u00e4. Ilman kliinist\u00e4 tutkimusta taudin m\u00e4\u00e4ritt\u00e4minen voi olla hyvin vaikeaa, sill\u00e4 useiden tautien oireet ovat samankaltaisia. Lintukannan kasvaessa my\u00f6skin mahdollisten taudinkantajien lukum\u00e4\u00e4r\u00e4 kasvaa.<\/p>\n\n\n\n<p>Hyvin t\u00e4rke\u00e4\u00e4 on kyyhkyslakan kuivuus. Kuiva lakka voi est\u00e4\u00e4 tai ainakin v\u00e4hent\u00e4\u00e4 taudin levi\u00e4mist\u00e4. Lentoh\u00e4kiss\u00e4 (verkolla ymp\u00e4r\u00f6idyss\u00e4) linnut eiv\u00e4t saa olla maakosketuksessa &#8211; linnut, varsinkin jos niill\u00e4 on mineraalien puute, sy\u00f6v\u00e4t saastunutta maata ja suurella todenn\u00e4k\u00f6isyydell\u00e4 sairastuvat.<\/p>\n\n\n\n<p>Raikas ilma on my\u00f6s t\u00e4rke\u00e4 tekij\u00e4. Talvella ei saa kuitenkaan muodostua vetoa, silloin linnut vilustuvat. My\u00f6s metallipinnalla istuva lintu vilustuu helposti. Tautien torjunnassa hyv\u00e4 lakkahygienia on paras keino.<\/p>\n\n\n\n<p><strong>Trikomonas<\/strong><br>T\u00e4m\u00e4 on hyvin yleinen tauti. Sen aiheuttaja on siimael\u00e4in (Trichomonas gallinae 0,01mm). Etenkin nuoret kyyhkyt sairastuvat. Vanhat linnut el\u00e4v\u00e4t useimmiten tasapainossa taudinaiheuttajan kanssa, mutta tarttuttavat poikasensa, joiden vastustuskyky ei ole viel\u00e4 riitt\u00e4v\u00e4n kehittynyt. Tauti levi\u00e4\u00e4 my\u00f6s juomaveden kautta. Siimael\u00e4imet infektoivat pienten haavaumien kautta. Nieluun ja\/tai sieraimiin ja kupuun muodostuu keltaista juustomaista massaa. Lopulta m\u00f6ykyt tulevat niin suuriksi, ett\u00e4 lintu ei pysty hengitt\u00e4m\u00e4\u00e4n eik\u00e4 sy\u00f6m\u00e4\u00e4n. Infektoidun linnun hengitys haisee pahalle. Infektoitunut poikanen kasvaa huonosti ja laihtuu rajusti. Taudinaiheuttaja voi my\u00f6skin tarttua maksaan tai infektoida navan kautta.<br>Tauti on vaikeasti hoidettavissa sen j\u00e4lkeen, kun se on puhjennut. Jos tiet\u00e4\u00e4, ett\u00e4 tauti esiintyy lintukannassa (siis jos edellisen\u00e4 pesint\u00e4kautena esiintyi sairastuneita lintuja), kannattaa tehd\u00e4 ennalta ehk\u00e4isev\u00e4t hoidot ennen pesint\u00e4kautta ja sen j\u00e4lkeen. Yleisesti k\u00e4ytet\u00e4\u00e4n ronidatsolia sis\u00e4lt\u00e4v\u00e4\u00e4 l\u00e4\u00e4kett\u00e4 (esim. Tricho plus), jota sekoitetaan juomaveteen viikon ajan. Jos yritt\u00e4\u00e4 hoitaa jo sairastuneita lintuja, kannattaa samalla antaa antibiotteja, sill\u00e4 yleens\u00e4 tautiin liittyy sekundaarisia bakteeri-infektioita.<br><br><strong>Heksamitoosi<\/strong><br>Taudin aiheuttaa siimael\u00e4in, joka infektoi suolen. Riskiryhm\u00e4n\u00e4 ovat nuoret linnut ja oireina ripuli sek\u00e4 heikko yleiskunto. Vanhoilla linnuilla oireet ovat vaikeammin tunnistettavissa. Ne toimivat taudin kantajina. Mik\u00e4li tauti on ollut vuosia hoitamatta, hoidosta huolimatta lintu saattaa j\u00e4\u00e4d\u00e4 edelleen kantajaksi (krooninen). Tartunta levi\u00e4\u00e4 juomaveden ja rehun v\u00e4lityksell\u00e4.<br>Hoitona ronidatsoli l\u00e4\u00e4keyhd., kuuri annetaan pidemp\u00e4\u00e4n kuin trikomonaksen hoitoon.<br><br><strong>Kokkidioosi<\/strong><br>Yksisoluinen alkuel\u00e4in, joka lis\u00e4\u00e4ntyy suoliepiteeliss\u00e4 aiheuttaen kokkidioosin. Melkein kaikki kyyhkyt ovat kantajia, mutta kehitt\u00e4v\u00e4t resistenssin sit\u00e4 vastaan. J\u00e4lleen erityisesti nuoret linnut sairastuvat. Tyypillinen oire on vihre\u00e4\/musta ripuli. (V\u00e4ri tulee sapesta ja vihre\u00e4 uloste ei aina ole merkki kokkidioosista! esim. jos kyyhky eksyy eik\u00e4 sy\u00f6 pariin p\u00e4iv\u00e4\u00e4n, uloste n\u00e4ytt\u00e4\u00e4 samalta.) Erityisesti kokkidioosin est\u00e4miseksi lakka on pidett\u00e4v\u00e4 kuivana. Sairastuneen linnun ulosteen mukaan erittyy miljoonia munia, otsyyttej\u00e4. N\u00e4m\u00e4 eiv\u00e4t ole infektiokykyisi\u00e4, vaan vaativat pari p\u00e4iv\u00e4\u00e4 l\u00e4mp\u00f6\u00e4, happea ja kosteutta kehitty\u00e4kseen merotsoiiteiksi. Pit\u00e4m\u00e4ll\u00e4 lakka kuivana ja siistin\u00e4, estet\u00e4\u00e4n otsyyttien kypsyminen, juomaveden p\u00e4ivitt\u00e4inen vaihto on t\u00e4rke\u00e4 taudin est\u00e4misess\u00e4 = hyv\u00e4 lakkahygienia pit\u00e4\u00e4 taudin kurissa.<\/p>\n\n\n\n<p><strong>Kyyhkysrokko<\/strong><br>Kyyhkysrokko on viruksen aiheuttama tauti. Keltaiset rokot esiintyv\u00e4t hy\u00f6henett\u00f6mill\u00e4 alueilla, varsinkin nokalla ja silm\u00e4n ymp\u00e4ryskeh\u00e4ss\u00e4. Joskus rokot esiintyv\u00e4t limakalvoilla. Limakalvomuodon oireet saattavat muistuttaa trichomonasinfektiota. Toisin kuin trichomonaksen aiheuttamat keltaiset pallot, rokkoja ei voi irrottaa ilman verenvuotoa. Limakalvomuoto on vakavampi kuin ihomuoto ja saattaa tukahduttaa linnun, jos rokot esiintyv\u00e4t nielussa. Ihomuoto paranee yleens\u00e4 10 p\u00e4iv\u00e4n sis\u00e4ll\u00e4. Tartunta tapahtuu yleens\u00e4, kun linnut tulevat kosketuksiin vieraiden lintujen kanssa.<br>Linnut voidaan rokottaa tautia vastaan. Varsinaista hoitoa ei ole.<\/p>\n\n\n\n<p><strong>Mykoplasmoosi<\/strong><br>Mykoplasmat ovat solusein\u00e4tt\u00f6mi\u00e4 bakteereita, jotka aiheuttavat nuhaa. Mykoplasmat levi\u00e4v\u00e4t ilma- ja pisaratartuntana ja juomaveden kautta. Taudinaiheuttajat eiv\u00e4t kuitenkaan pysy elossa pitk\u00e4\u00e4n varsinkaan kantajansa ulkopuolella. Tauti puhkeaa yleens\u00e4 syksyll\u00e4. Usein sairastuva lintu on jo ennest\u00e4\u00e4n heikentynyt. Inkubaatioaika on 1-2 viikkoa. Nokka vuotaa ja vuoto muuttuu vain limaisemmaksi. Nokkakuhmurat muuttuvat harmaiksi. Hengitys on vaivaantunut ja usein kahiseva. Tauti hoidetaan toistuvilla antibioottirokotteilla. Ennaltaehk\u00e4isev\u00e4 antibiottikuuri juomaveden kautta on suositeltava.<\/p>\n\n\n\n<p><strong>Ornitoosi<\/strong><br>Klamydiat (Chlamydia psittaci) ovat vastuussa t\u00e4st\u00e4 taudista. T\u00e4st\u00e4 bakteerist\u00e4 on useita kantoja. Kannat, jotka esiintyv\u00e4t yleisesti kyyhkyill\u00e4, eiv\u00e4t ole samoja kuin papukaijatautia (psittakoosi) aiheuttavat kannat. T\u00e4m\u00e4 bakteeri voi tarttua ihmiseen, mutta ei aiheuta oireita, toisin kuin papukaijatautia aiheuttavat kannat, jotka satunnaisesti aiheuttavat vakavia infektioita ihmiselle. Tartunta levi\u00e4\u00e4 yhteydess\u00e4 vieraiden lintujen kanssa. Ornitoosi voi my\u00f6skin levit\u00e4 hy\u00f6nteisten ja ihmisten mukana. Luonteenomaista taudille on nuha ja silm\u00e4ntulehdus. Alussa silm\u00e4 vuotaa ja lopulta se turpoaa kiinni. Lintu sivelt\u00e4\u00e4 tulehtunutta silm\u00e4\u00e4 siipi\u00e4 vasten kerta toisensa j\u00e4lkeen. Yleens\u00e4 silm\u00e4ntulehdus paranee itsest\u00e4\u00e4n 10 p\u00e4iv\u00e4n sis\u00e4ll\u00e4. T\u00e4m\u00e4 ei kuitenkaan tarkoita sit\u00e4, ett\u00e4 tauti olisi parantunut. Vakavissa tapauksissa tauti aiheuttaa hengitysvaikeuksia. Lintu rapsuttaa nokkaa ja aivastaa lievit\u00e4kseen \u00e4rsytyst\u00e4. Joskus tauti j\u00e4\u00e4 krooniseksi, mik\u00e4 aiheuttaa toistuvia silm\u00e4ntulehduksia. Mik\u00e4li lintukannassa on kantajia, on odotettavissa suuria poikaistappioita. Hoito tapahtuu antibiotteilla (rokotteina tai juomaveden kautta).<\/p>\n\n\n\n<p><strong>Adenovirustulehdus<\/strong><br>P\u00e4\u00e4s\u00e4\u00e4nt\u00f6isesti vain poikasten (nuorten lintujen) sairaus. Tartunta on mahdollinen, kun nuoret linnut ovat yhdess\u00e4 vanhojen, vieraiden lintujen kanssa. Oireet ovat ripuli ja oksentelu. Yleens\u00e4 tauti paranee itsest\u00e4\u00e4n. Tautiin liittyy suolen sekundaari bakteerituledus ja vakavissa tapauksissa antibiottihoito voi olla aiheellinen. Adenovirusta vastaan ei ole l\u00e4\u00e4kett\u00e4 tai rokotetta. *Euroopassa on viime vuosina on esiintynyt viruskantoja, jotka infektoivat my\u00f6s vanhat linnut.<\/p>\n\n\n\n<p><strong>Salmonellainfektiot<\/strong><br>Salmonelloihin luokitellaan monta eri bakteerilajia. Salmonellat ovat tunnettuja ripulin aiheuttajia. Salmonellainfektiot eiv\u00e4t kuitenkaan rajoitu vain suoleen, vaan voivat my\u00f6s ulottua verenkiertoon ja sis\u00e4elimiin, jolloin tulee niveltulehduksia, kramppeja ja kuhmumuodostelmia. Jotkut salmonellat taas hy\u00f6kk\u00e4\u00e4v\u00e4t hermoston kimpuun. Silloin on kyseess\u00e4 paratyyfus eli pikkulavantauti. Sairastunut lintu halvantuu osittain ja sen tasapainoaisti ei toimi. Paratyyfus on useimmiten tappava. Jotta infektio tapahtuisi, vaaditaan suuri m\u00e4\u00e4r\u00e4 bakteereita. Yleisin infetiotie on ostettujen taudinkantajalintujen kautta. Infektio ei tapahdu niin helposti lyhyess\u00e4 altistuksessa esim. kuljetuslaatikoissa.<br>Salmonellat levi\u00e4v\u00e4t ulosteiden mukana ja pysyv\u00e4t pitk\u00e4\u00e4n elossa kosteissa olosuhteissa. Salmonellainfektiot ovat vaikeita hoitaa. Parasta erist\u00e4\u00e4 sairastunut lakka, ettei tartunta levi\u00e4\u00e4 muille. Tartunta varmistetaan laboratoriokokeella = bakteeriviljely ulosteista. Vaikka ei olisi ep\u00e4ily\u00e4 tartunnasta, kannattaa ottaa koe parin vuoden v\u00e4lein &#8211; ohjeita el\u00e4inl\u00e4\u00e4k\u00e4rilt\u00e4.<\/p>\n\n\n\n<p><strong>Newcastlen tauti<\/strong><br>Paramyksovirus I aiheuttaa t\u00e4m\u00e4n taudin. Taudinkuvaan voi kuulua esim. halvaantuminen, kouristuksia ja vetinen ripuli. Useimmiten tappava, mutta jotkut yksil\u00f6t voivat parantua ja j\u00e4\u00e4d\u00e4 taudinkantajiksi. Toisinaan tauti aiheuttaa \u00e4kkikuolemia ja toisinaan ei mit\u00e4\u00e4n oireita riippuen viruskannasta. Kaikki (kilpailuihin osallistuvat) kyyhkyt rokotetaan t\u00e4t\u00e4 tautia vastaan, eik\u00e4 tautia ole t\u00e4h\u00e4n menness\u00e4 tavattu suomalaisissa viestikyyhkyiss\u00e4. Sen sijaan tautia on tavattu muutamaan otteeseen toripuluissa.<\/p>\n\n\n\n<p><strong>Sis\u00e4loiset<\/strong><\/p>\n\n\n\n<p><strong>Suolinkainen<\/strong><br>Kyyhkysill\u00e4 oma laji. Valkea, kumimainen n.3-6cm. Saa aikaan laihtumista ja joskus ripulia. Matoinfektion seurauksena poikasten kasvu hidastuu ja jos matoja on runsaasti, se voi olla poikasille jopa kuolemaan johtavaa. Vanhat linnut kehitt\u00e4v\u00e4t hyv\u00e4n resistenssin. Matoinfektio hidastaa tai est\u00e4\u00e4 sulkasatoa. Tartunta levi\u00e4\u00e4 ulosteiden mukana. Madonmunat s\u00e4ilyv\u00e4t pitk\u00e4\u00e4n infektiokykyisi\u00e4 ymp\u00e4rist\u00f6ss\u00e4. N\u00e4m\u00e4 matoinfetiot pystyt\u00e4\u00e4n helposti pit\u00e4m\u00e4\u00e4n siedett\u00e4v\u00e4ll\u00e4 tasolla matol\u00e4\u00e4kkeill\u00e4 (esim. Ivomec ), mutta voivat olla vaikeita h\u00e4vitt\u00e4\u00e4 t\u00e4ydellisesti. Kaikki linnut tulisi hoitaa yht\u00e4aikaa ja lakka puhdistaa, jotta uusi infektio ei tapahtuisi.<\/p>\n\n\n\n<p><strong>Hiusmato<\/strong><br>Nimens\u00e4 mukaan eritt\u00e4in ohut. Pituus alle 1 cm.<\/p>\n\n\n\n<p><strong>Keuhkoputkimato<\/strong><br>T\u00e4m\u00e4 matolaji el\u00e4\u00e4 hengitysteiss\u00e4. Lintu avaa suunsa ammolleen kerta toisensa j\u00e4lkeen \u00e4rsytyksest\u00e4.<br>Hoito: Metrifonat (saatavuus Suomessa?)<\/p>\n\n\n\n<p><strong>Heisimadot<\/strong><br>Litte\u00e4, nauhamainen ja jaokkeinen (harvoin esiintyv\u00e4). Vaatii v\u00e4li-is\u00e4nn\u00e4n.<\/p>\n\n\n\n<p><strong>Ilmapussipunkki<\/strong><br>El\u00e4\u00e4 ilmapusseissa, miss\u00e4 saa aikaan juustomaisia ker\u00e4yksi\u00e4. Voi tunkeutua maksaan ja munuaisiin asti.<\/p>\n\n\n\n<p><strong>Ulkoloiset<\/strong><\/p>\n\n\n\n<p>P\u00e4\u00e4asiassa ulkoloisien aiheuttama tuho on lintujen h\u00e4irint\u00e4. Tosiaan linnut stressaantuvat, jos ulkoloisia on paljon. Lintu ilman ulkoloisia l\u00e4mmitt\u00e4\u00e4 poikasiaan paremmin kuin semmoinen lintu, joka on h\u00e4iriintynyt ulkoloisista. Torjunta sopivalla h\u00f6ynteismyrkyll\u00e4. Sek\u00e4 linnut ett\u00e4 lakka k\u00e4sitelt\u00e4v\u00e4 yht\u00e4aikaa. Kylpysuolan lis\u00e4ys lintujen kylpyveteen pit\u00e4\u00e4 ulkoloisten lukum\u00e4\u00e4r\u00e4n alhaalla.<\/p>\n\n\n\n<p><strong>Kirput<\/strong><br>Imev\u00e4t verta. \u00c4rsytt\u00e4v\u00e4t varsinkin hautovia lintuja ja poikasia pes\u00e4ss\u00e4. Pesim\u00e4kulhojen puhdistus on t\u00e4rke\u00e4 kirpujen torjunnassa. Kirpun toukat kehittyv\u00e4t nimitt\u00e4in pes\u00e4materiaalissa. Lakan siisteys my\u00f6s t\u00e4rke\u00e4.<\/p>\n\n\n\n<p><strong>V\u00e4iveet (hy\u00f6hensy\u00f6j\u00e4t)<\/strong><br>Litteit\u00e4, pari mm pitki\u00e4. Hvvin yleisi\u00e4. Sy\u00f6v\u00e4t h\u00f6yheni\u00e4 ja h\u00f6yhenjauhetta. Jotkut lajit imev\u00e4t verta. N\u00e4kyv\u00e4t parhaiten, kun levitet\u00e4\u00e4n siivet ja pidet\u00e4\u00e4n ne valoa vasten. V\u00e4iveiden kaikki kehitysasteet el\u00e4v\u00e4t linnulla.<\/p>\n\n\n\n<p><strong>Punkit<\/strong><br>On viisi punkkilajia, jotka el\u00e4v\u00e4t ulkoloisina kyyhkyill\u00e4 (n. 1 mm kokoisia). Punkeilla on kahdeksan jalkaa. Yleens\u00e4 ne pysyv\u00e4t hyvin piilossa. Peukalos\u00e4\u00e4nt\u00f6: Niit\u00e4 n\u00e4kyy vain, jos niiden lukum\u00e4\u00e4r\u00e4 on suuri.<\/p>\n\n\n\n<p><strong>Punapunkki<\/strong><br>Piileskelee p\u00e4iv\u00e4n aikana lakassa ja imee \u00f6isin verta. Muista tarkistaa pes\u00e4kulhot! Voi jopa tappaa poikaset!<\/p>\n\n\n\n<p><strong>H\u00f6yhenpunkki<\/strong><br>Pysyy koko ajan linnulla. Etenkin siivien ja pyrst\u00f6n alapuolella. Jos niit\u00e4 on eritt\u00e4in paljon, rinnassa ja sel\u00e4ss\u00e4 muodostuu paljaita alueita.<\/p>\n\n\n\n<p><strong>H\u00f6yhensulkapunkki<\/strong><br>El\u00e4\u00e4 siipi- ja pyrst\u00f6sulissa.<\/p>\n\n\n\n<p><strong>Kalkkijalkapunkki<\/strong><br>Vanhoilla linnuilla n\u00e4kyv\u00e4t suomuisia pullistumia jaloissa. Hoito: Ivomec<\/p>\n\n\n\n<p><strong>Lintusyyhypunkki<\/strong><br>El\u00e4\u00e4 ihon alla. Aiheuttaa kutinaa ja h\u00f6yhenputoamista. Hoito: Ivomec<\/p>\n","protected":false},"excerpt":{"rendered":"<p>T\u00e4ss\u00e4 lista kyyhkyjen tavallisimmista sairauksista. Jotkut niist\u00e4 vaativat l\u00e4\u00e4kityst\u00e4, er\u00e4\u00e4t paranevat itsest\u00e4\u00e4n. Taudit voivat olla piilevin\u00e4 ja puhkeavat vasta linnun yleiskunnon heikennytty\u00e4. Ilman kliinist\u00e4 tutkimusta taudin m\u00e4\u00e4ritt\u00e4minen voi olla hyvin [&hellip;]<\/p>\n","protected":false},"author":1,"featured_media":0,"parent":0,"menu_order":0,"comment_status":"closed","ping_status":"closed","template":"","meta":{"_EventAllDay":false,"_EventTimezone":"","_EventStartDate":"","_EventEndDate":"","_EventStartDateUTC":"","_EventEndDateUTC":"","_EventShowMap":false,"_EventShowMapLink":false,"_EventURL":"","_EventCost":"","_EventCostDescription":"","_EventCurrencySymbol":"","_EventCurrencyCode":"","_EventCurrencyPosition":"","_EventDateTimeSeparator":"","_EventTimeRangeSeparator":"","_EventOrganizerID":[],"_EventVenueID":[],"_OrganizerEmail":"","_OrganizerPhone":"","_OrganizerWebsite":"","_VenueAddress":"","_VenueCity":"","_VenueCountry":"","_VenueProvince":"","_VenueState":"","_VenueZip":"","_VenuePhone":"","_VenueURL":"","_VenueStateProvince":"","_VenueLat":"","_VenueLng":"","_VenueShowMap":false,"_VenueShowMapLink":false,"footnotes":""},"class_list":["post-197","page","type-page","status-publish","hentry"],"yoast_head":"<!-- This site is optimized with the Yoast SEO plugin v27.6 - https:\/\/yoast.com\/product\/yoast-seo-wordpress\/ -->\n<title>Kyyhkystaudit - Suomen Viestikyyhky- Yhdistys<\/title>\n<meta name=\"robots\" content=\"index, follow, max-snippet:-1, max-image-preview:large, max-video-preview:-1\" \/>\n<link rel=\"canonical\" href=\"https:\/\/viestikyyhky.fi\/index.php\/kyyhkystaudit\/\" \/>\n<meta property=\"og:locale\" content=\"en_US\" \/>\n<meta property=\"og:type\" content=\"article\" \/>\n<meta property=\"og:title\" content=\"Kyyhkystaudit - Suomen Viestikyyhky- Yhdistys\" \/>\n<meta property=\"og:description\" content=\"T\u00e4ss\u00e4 lista kyyhkyjen tavallisimmista sairauksista. Jotkut niist\u00e4 vaativat l\u00e4\u00e4kityst\u00e4, er\u00e4\u00e4t paranevat itsest\u00e4\u00e4n. Taudit voivat olla piilevin\u00e4 ja puhkeavat vasta linnun yleiskunnon heikennytty\u00e4. Ilman kliinist\u00e4 tutkimusta taudin m\u00e4\u00e4ritt\u00e4minen voi olla hyvin [&hellip;]\" \/>\n<meta property=\"og:url\" content=\"https:\/\/viestikyyhky.fi\/index.php\/kyyhkystaudit\/\" \/>\n<meta property=\"og:site_name\" content=\"Suomen Viestikyyhky- Yhdistys\" \/>\n<meta name=\"twitter:card\" content=\"summary_large_image\" \/>\n<meta name=\"twitter:label1\" content=\"Est. reading time\" \/>\n\t<meta name=\"twitter:data1\" content=\"6 minutes\" \/>\n<script type=\"application\/ld+json\" class=\"yoast-schema-graph\">{\"@context\":\"https:\\\/\\\/schema.org\",\"@graph\":[{\"@type\":\"WebPage\",\"@id\":\"https:\\\/\\\/viestikyyhky.fi\\\/index.php\\\/kyyhkystaudit\\\/\",\"url\":\"https:\\\/\\\/viestikyyhky.fi\\\/index.php\\\/kyyhkystaudit\\\/\",\"name\":\"Kyyhkystaudit - Suomen Viestikyyhky- Yhdistys\",\"isPartOf\":{\"@id\":\"https:\\\/\\\/viestikyyhky.fi\\\/#website\"},\"datePublished\":\"2025-02-12T19:50:41+00:00\",\"breadcrumb\":{\"@id\":\"https:\\\/\\\/viestikyyhky.fi\\\/index.php\\\/kyyhkystaudit\\\/#breadcrumb\"},\"inLanguage\":\"en-US\",\"potentialAction\":[{\"@type\":\"ReadAction\",\"target\":[\"https:\\\/\\\/viestikyyhky.fi\\\/index.php\\\/kyyhkystaudit\\\/\"]}]},{\"@type\":\"BreadcrumbList\",\"@id\":\"https:\\\/\\\/viestikyyhky.fi\\\/index.php\\\/kyyhkystaudit\\\/#breadcrumb\",\"itemListElement\":[{\"@type\":\"ListItem\",\"position\":1,\"name\":\"Home\",\"item\":\"https:\\\/\\\/viestikyyhky.fi\\\/\"},{\"@type\":\"ListItem\",\"position\":2,\"name\":\"Kyyhkystaudit\"}]},{\"@type\":\"WebSite\",\"@id\":\"https:\\\/\\\/viestikyyhky.fi\\\/#website\",\"url\":\"https:\\\/\\\/viestikyyhky.fi\\\/\",\"name\":\"Suomen Viestikyyhky- Yhdistys\",\"description\":\"\",\"publisher\":{\"@id\":\"https:\\\/\\\/viestikyyhky.fi\\\/#organization\"},\"potentialAction\":[{\"@type\":\"SearchAction\",\"target\":{\"@type\":\"EntryPoint\",\"urlTemplate\":\"https:\\\/\\\/viestikyyhky.fi\\\/?s={search_term_string}\"},\"query-input\":{\"@type\":\"PropertyValueSpecification\",\"valueRequired\":true,\"valueName\":\"search_term_string\"}}],\"inLanguage\":\"en-US\"},{\"@type\":\"Organization\",\"@id\":\"https:\\\/\\\/viestikyyhky.fi\\\/#organization\",\"name\":\"Suomen Viestikyyhky- Yhdistys\",\"url\":\"https:\\\/\\\/viestikyyhky.fi\\\/\",\"logo\":{\"@type\":\"ImageObject\",\"inLanguage\":\"en-US\",\"@id\":\"https:\\\/\\\/viestikyyhky.fi\\\/#\\\/schema\\\/logo\\\/image\\\/\",\"url\":\"https:\\\/\\\/viestikyyhky.fi\\\/wp-content\\\/uploads\\\/2025\\\/01\\\/Zaki-Logo-1.png\",\"contentUrl\":\"https:\\\/\\\/viestikyyhky.fi\\\/wp-content\\\/uploads\\\/2025\\\/01\\\/Zaki-Logo-1.png\",\"width\":1274,\"height\":354,\"caption\":\"Suomen Viestikyyhky- Yhdistys\"},\"image\":{\"@id\":\"https:\\\/\\\/viestikyyhky.fi\\\/#\\\/schema\\\/logo\\\/image\\\/\"}}]}<\/script>\n<!-- \/ Yoast SEO plugin. -->","yoast_head_json":{"title":"Kyyhkystaudit - Suomen Viestikyyhky- Yhdistys","robots":{"index":"index","follow":"follow","max-snippet":"max-snippet:-1","max-image-preview":"max-image-preview:large","max-video-preview":"max-video-preview:-1"},"canonical":"https:\/\/viestikyyhky.fi\/index.php\/kyyhkystaudit\/","og_locale":"en_US","og_type":"article","og_title":"Kyyhkystaudit - Suomen Viestikyyhky- Yhdistys","og_description":"T\u00e4ss\u00e4 lista kyyhkyjen tavallisimmista sairauksista. Jotkut niist\u00e4 vaativat l\u00e4\u00e4kityst\u00e4, er\u00e4\u00e4t paranevat itsest\u00e4\u00e4n. Taudit voivat olla piilevin\u00e4 ja puhkeavat vasta linnun yleiskunnon heikennytty\u00e4. Ilman kliinist\u00e4 tutkimusta taudin m\u00e4\u00e4ritt\u00e4minen voi olla hyvin [&hellip;]","og_url":"https:\/\/viestikyyhky.fi\/index.php\/kyyhkystaudit\/","og_site_name":"Suomen Viestikyyhky- Yhdistys","twitter_card":"summary_large_image","twitter_misc":{"Est. reading time":"6 minutes"},"schema":{"@context":"https:\/\/schema.org","@graph":[{"@type":"WebPage","@id":"https:\/\/viestikyyhky.fi\/index.php\/kyyhkystaudit\/","url":"https:\/\/viestikyyhky.fi\/index.php\/kyyhkystaudit\/","name":"Kyyhkystaudit - Suomen Viestikyyhky- Yhdistys","isPartOf":{"@id":"https:\/\/viestikyyhky.fi\/#website"},"datePublished":"2025-02-12T19:50:41+00:00","breadcrumb":{"@id":"https:\/\/viestikyyhky.fi\/index.php\/kyyhkystaudit\/#breadcrumb"},"inLanguage":"en-US","potentialAction":[{"@type":"ReadAction","target":["https:\/\/viestikyyhky.fi\/index.php\/kyyhkystaudit\/"]}]},{"@type":"BreadcrumbList","@id":"https:\/\/viestikyyhky.fi\/index.php\/kyyhkystaudit\/#breadcrumb","itemListElement":[{"@type":"ListItem","position":1,"name":"Home","item":"https:\/\/viestikyyhky.fi\/"},{"@type":"ListItem","position":2,"name":"Kyyhkystaudit"}]},{"@type":"WebSite","@id":"https:\/\/viestikyyhky.fi\/#website","url":"https:\/\/viestikyyhky.fi\/","name":"Suomen Viestikyyhky- Yhdistys","description":"","publisher":{"@id":"https:\/\/viestikyyhky.fi\/#organization"},"potentialAction":[{"@type":"SearchAction","target":{"@type":"EntryPoint","urlTemplate":"https:\/\/viestikyyhky.fi\/?s={search_term_string}"},"query-input":{"@type":"PropertyValueSpecification","valueRequired":true,"valueName":"search_term_string"}}],"inLanguage":"en-US"},{"@type":"Organization","@id":"https:\/\/viestikyyhky.fi\/#organization","name":"Suomen Viestikyyhky- Yhdistys","url":"https:\/\/viestikyyhky.fi\/","logo":{"@type":"ImageObject","inLanguage":"en-US","@id":"https:\/\/viestikyyhky.fi\/#\/schema\/logo\/image\/","url":"https:\/\/viestikyyhky.fi\/wp-content\/uploads\/2025\/01\/Zaki-Logo-1.png","contentUrl":"https:\/\/viestikyyhky.fi\/wp-content\/uploads\/2025\/01\/Zaki-Logo-1.png","width":1274,"height":354,"caption":"Suomen Viestikyyhky- Yhdistys"},"image":{"@id":"https:\/\/viestikyyhky.fi\/#\/schema\/logo\/image\/"}}]}},"_links":{"self":[{"href":"https:\/\/viestikyyhky.fi\/index.php\/wp-json\/wp\/v2\/pages\/197","targetHints":{"allow":["GET"]}}],"collection":[{"href":"https:\/\/viestikyyhky.fi\/index.php\/wp-json\/wp\/v2\/pages"}],"about":[{"href":"https:\/\/viestikyyhky.fi\/index.php\/wp-json\/wp\/v2\/types\/page"}],"author":[{"embeddable":true,"href":"https:\/\/viestikyyhky.fi\/index.php\/wp-json\/wp\/v2\/users\/1"}],"replies":[{"embeddable":true,"href":"https:\/\/viestikyyhky.fi\/index.php\/wp-json\/wp\/v2\/comments?post=197"}],"version-history":[{"count":1,"href":"https:\/\/viestikyyhky.fi\/index.php\/wp-json\/wp\/v2\/pages\/197\/revisions"}],"predecessor-version":[{"id":229,"href":"https:\/\/viestikyyhky.fi\/index.php\/wp-json\/wp\/v2\/pages\/197\/revisions\/229"}],"wp:attachment":[{"href":"https:\/\/viestikyyhky.fi\/index.php\/wp-json\/wp\/v2\/media?parent=197"}],"curies":[{"name":"wp","href":"https:\/\/api.w.org\/{rel}","templated":true}]}}