{"id":196,"date":"2025-02-12T20:09:17","date_gmt":"2025-02-12T20:09:17","guid":{"rendered":"https:\/\/viestikyyhky.fi\/?page_id=196"},"modified":"2025-02-12T20:09:17","modified_gmt":"2025-02-12T20:09:17","slug":"nuoret-kyyhkyt","status":"publish","type":"page","link":"https:\/\/viestikyyhky.fi\/index.php\/nuoret-kyyhkyt\/","title":{"rendered":"Nuoret kyyhkyt"},"content":{"rendered":"\n<p><\/p>\n\n\n\n<figure class=\"wp-block-image size-full\"><img loading=\"lazy\" decoding=\"async\" width=\"200\" height=\"200\" src=\"https:\/\/viestikyyhky.fi\/wp-content\/uploads\/2025\/01\/red_cheq_vas.jpg\" alt=\"\" class=\"wp-image-98\" srcset=\"https:\/\/viestikyyhky.fi\/wp-content\/uploads\/2025\/01\/red_cheq_vas.jpg 200w, https:\/\/viestikyyhky.fi\/wp-content\/uploads\/2025\/01\/red_cheq_vas-150x150.jpg 150w\" sizes=\"auto, (max-width: 200px) 100vw, 200px\" \/><\/figure>\n\n\n\n<p>Kyyhkyset kiintyv\u00e4t kotilakkaansa, kun ne saavat lent\u00e4\u00e4 pihapiiriss\u00e4 vapaasti. Ilman n\u00e4it\u00e4 vapaalentoja ne eiv\u00e4t koskaan opi palaamaan kotiin.<br>Vapaalennolla ne v\u00e4hitellen uskaltautuvat yh\u00e4 korkeammalle ja kauemmas ja voivat t\u00e4ll\u00f6in viipy\u00e4 poissa useita tunteja, joskus ilmeisesti v\u00e4lill\u00e4 eksyenkin ja palaten vasta seuraavana p\u00e4iv\u00e4n\u00e4. T\u00e4st\u00e4 ei pid\u00e4 huolestua, sill\u00e4 oikea kirjekyyhky ei villiinny, vaan pyrkii aina takaisin kotiinsa ja parveensa, johon se on leimaantunut.<br><br>On kuitenkin varottava, etteiv\u00e4t poikaset l\u00e4hde lennolle yht\u00e4aikaa vanhojen lintujen kanssa, sill\u00e4 silloin ne saattavat joutua liian kauas. Lopputuloksen ollessa linnun eksyminen ja tuhoutuminen.<br><br>Aluksi nuoret linnut lent\u00e4v\u00e4t vain katolta katolle ja on maltettava odottaa k\u00e4rsiv\u00e4llisesti. Muutaman p\u00e4iv\u00e4n kuluttua itseluottamus kasvaa ja todelliset harjoitukset alkavat. Matkalennolle nuoren kyyhkysen voi vied\u00e4 3:n kk:n ik\u00e4isen\u00e4. \u00a0Aluksi lennell\u00e4\u00e4n 5-8 km:n matkoja.<\/p>\n","protected":false},"excerpt":{"rendered":"<p>Kyyhkyset kiintyv\u00e4t kotilakkaansa, kun ne saavat lent\u00e4\u00e4 pihapiiriss\u00e4 vapaasti. Ilman n\u00e4it\u00e4 vapaalentoja ne eiv\u00e4t koskaan opi palaamaan kotiin.Vapaalennolla ne v\u00e4hitellen uskaltautuvat yh\u00e4 korkeammalle ja kauemmas ja voivat t\u00e4ll\u00f6in viipy\u00e4 poissa [&hellip;]<\/p>\n","protected":false},"author":1,"featured_media":0,"parent":0,"menu_order":0,"comment_status":"closed","ping_status":"closed","template":"","meta":{"_EventAllDay":false,"_EventTimezone":"","_EventStartDate":"","_EventEndDate":"","_EventStartDateUTC":"","_EventEndDateUTC":"","_EventShowMap":false,"_EventShowMapLink":false,"_EventURL":"","_EventCost":"","_EventCostDescription":"","_EventCurrencySymbol":"","_EventCurrencyCode":"","_EventCurrencyPosition":"","_EventDateTimeSeparator":"","_EventTimeRangeSeparator":"","_EventOrganizerID":[],"_EventVenueID":[],"_OrganizerEmail":"","_OrganizerPhone":"","_OrganizerWebsite":"","_VenueAddress":"","_VenueCity":"","_VenueCountry":"","_VenueProvince":"","_VenueState":"","_VenueZip":"","_VenuePhone":"","_VenueURL":"","_VenueStateProvince":"","_VenueLat":"","_VenueLng":"","_VenueShowMap":false,"_VenueShowMapLink":false,"footnotes":""},"class_list":["post-196","page","type-page","status-publish","hentry"],"yoast_head":"<!-- This site is optimized with the Yoast SEO plugin v27.6 - https:\/\/yoast.com\/product\/yoast-seo-wordpress\/ -->\n<title>Nuoret kyyhkyt - Suomen Viestikyyhky- Yhdistys<\/title>\n<meta name=\"robots\" content=\"index, follow, max-snippet:-1, max-image-preview:large, max-video-preview:-1\" \/>\n<link rel=\"canonical\" href=\"https:\/\/viestikyyhky.fi\/index.php\/nuoret-kyyhkyt\/\" \/>\n<meta property=\"og:locale\" content=\"en_US\" \/>\n<meta property=\"og:type\" content=\"article\" \/>\n<meta property=\"og:title\" content=\"Nuoret kyyhkyt - Suomen Viestikyyhky- Yhdistys\" \/>\n<meta property=\"og:description\" content=\"Kyyhkyset kiintyv\u00e4t kotilakkaansa, kun ne saavat lent\u00e4\u00e4 pihapiiriss\u00e4 vapaasti. Ilman n\u00e4it\u00e4 vapaalentoja ne eiv\u00e4t koskaan opi palaamaan kotiin.Vapaalennolla ne v\u00e4hitellen uskaltautuvat yh\u00e4 korkeammalle ja kauemmas ja voivat t\u00e4ll\u00f6in viipy\u00e4 poissa [&hellip;]\" \/>\n<meta property=\"og:url\" content=\"https:\/\/viestikyyhky.fi\/index.php\/nuoret-kyyhkyt\/\" \/>\n<meta property=\"og:site_name\" content=\"Suomen Viestikyyhky- Yhdistys\" \/>\n<meta property=\"og:image\" content=\"https:\/\/viestikyyhky.fi\/wp-content\/uploads\/2025\/01\/red_cheq_vas.jpg\" \/>\n\t<meta property=\"og:image:width\" content=\"200\" \/>\n\t<meta property=\"og:image:height\" content=\"200\" \/>\n\t<meta property=\"og:image:type\" content=\"image\/jpeg\" \/>\n<meta name=\"twitter:card\" content=\"summary_large_image\" \/>\n<meta name=\"twitter:label1\" content=\"Est. reading time\" \/>\n\t<meta name=\"twitter:data1\" content=\"1 minute\" \/>\n<script type=\"application\/ld+json\" class=\"yoast-schema-graph\">{\"@context\":\"https:\\\/\\\/schema.org\",\"@graph\":[{\"@type\":\"WebPage\",\"@id\":\"https:\\\/\\\/viestikyyhky.fi\\\/index.php\\\/nuoret-kyyhkyt\\\/\",\"url\":\"https:\\\/\\\/viestikyyhky.fi\\\/index.php\\\/nuoret-kyyhkyt\\\/\",\"name\":\"Nuoret kyyhkyt - Suomen Viestikyyhky- Yhdistys\",\"isPartOf\":{\"@id\":\"https:\\\/\\\/viestikyyhky.fi\\\/#website\"},\"primaryImageOfPage\":{\"@id\":\"https:\\\/\\\/viestikyyhky.fi\\\/index.php\\\/nuoret-kyyhkyt\\\/#primaryimage\"},\"image\":{\"@id\":\"https:\\\/\\\/viestikyyhky.fi\\\/index.php\\\/nuoret-kyyhkyt\\\/#primaryimage\"},\"thumbnailUrl\":\"https:\\\/\\\/viestikyyhky.fi\\\/wp-content\\\/uploads\\\/2025\\\/01\\\/red_cheq_vas.jpg\",\"datePublished\":\"2025-02-12T20:09:17+00:00\",\"breadcrumb\":{\"@id\":\"https:\\\/\\\/viestikyyhky.fi\\\/index.php\\\/nuoret-kyyhkyt\\\/#breadcrumb\"},\"inLanguage\":\"en-US\",\"potentialAction\":[{\"@type\":\"ReadAction\",\"target\":[\"https:\\\/\\\/viestikyyhky.fi\\\/index.php\\\/nuoret-kyyhkyt\\\/\"]}]},{\"@type\":\"ImageObject\",\"inLanguage\":\"en-US\",\"@id\":\"https:\\\/\\\/viestikyyhky.fi\\\/index.php\\\/nuoret-kyyhkyt\\\/#primaryimage\",\"url\":\"https:\\\/\\\/viestikyyhky.fi\\\/wp-content\\\/uploads\\\/2025\\\/01\\\/red_cheq_vas.jpg\",\"contentUrl\":\"https:\\\/\\\/viestikyyhky.fi\\\/wp-content\\\/uploads\\\/2025\\\/01\\\/red_cheq_vas.jpg\",\"width\":200,\"height\":200},{\"@type\":\"BreadcrumbList\",\"@id\":\"https:\\\/\\\/viestikyyhky.fi\\\/index.php\\\/nuoret-kyyhkyt\\\/#breadcrumb\",\"itemListElement\":[{\"@type\":\"ListItem\",\"position\":1,\"name\":\"Home\",\"item\":\"https:\\\/\\\/viestikyyhky.fi\\\/\"},{\"@type\":\"ListItem\",\"position\":2,\"name\":\"Nuoret kyyhkyt\"}]},{\"@type\":\"WebSite\",\"@id\":\"https:\\\/\\\/viestikyyhky.fi\\\/#website\",\"url\":\"https:\\\/\\\/viestikyyhky.fi\\\/\",\"name\":\"Suomen Viestikyyhky- Yhdistys\",\"description\":\"\",\"publisher\":{\"@id\":\"https:\\\/\\\/viestikyyhky.fi\\\/#organization\"},\"potentialAction\":[{\"@type\":\"SearchAction\",\"target\":{\"@type\":\"EntryPoint\",\"urlTemplate\":\"https:\\\/\\\/viestikyyhky.fi\\\/?s={search_term_string}\"},\"query-input\":{\"@type\":\"PropertyValueSpecification\",\"valueRequired\":true,\"valueName\":\"search_term_string\"}}],\"inLanguage\":\"en-US\"},{\"@type\":\"Organization\",\"@id\":\"https:\\\/\\\/viestikyyhky.fi\\\/#organization\",\"name\":\"Suomen Viestikyyhky- Yhdistys\",\"url\":\"https:\\\/\\\/viestikyyhky.fi\\\/\",\"logo\":{\"@type\":\"ImageObject\",\"inLanguage\":\"en-US\",\"@id\":\"https:\\\/\\\/viestikyyhky.fi\\\/#\\\/schema\\\/logo\\\/image\\\/\",\"url\":\"https:\\\/\\\/viestikyyhky.fi\\\/wp-content\\\/uploads\\\/2025\\\/01\\\/Zaki-Logo-1.png\",\"contentUrl\":\"https:\\\/\\\/viestikyyhky.fi\\\/wp-content\\\/uploads\\\/2025\\\/01\\\/Zaki-Logo-1.png\",\"width\":1274,\"height\":354,\"caption\":\"Suomen Viestikyyhky- Yhdistys\"},\"image\":{\"@id\":\"https:\\\/\\\/viestikyyhky.fi\\\/#\\\/schema\\\/logo\\\/image\\\/\"}}]}<\/script>\n<!-- \/ Yoast SEO plugin. -->","yoast_head_json":{"title":"Nuoret kyyhkyt - Suomen Viestikyyhky- Yhdistys","robots":{"index":"index","follow":"follow","max-snippet":"max-snippet:-1","max-image-preview":"max-image-preview:large","max-video-preview":"max-video-preview:-1"},"canonical":"https:\/\/viestikyyhky.fi\/index.php\/nuoret-kyyhkyt\/","og_locale":"en_US","og_type":"article","og_title":"Nuoret kyyhkyt - Suomen Viestikyyhky- Yhdistys","og_description":"Kyyhkyset kiintyv\u00e4t kotilakkaansa, kun ne saavat lent\u00e4\u00e4 pihapiiriss\u00e4 vapaasti. Ilman n\u00e4it\u00e4 vapaalentoja ne eiv\u00e4t koskaan opi palaamaan kotiin.Vapaalennolla ne v\u00e4hitellen uskaltautuvat yh\u00e4 korkeammalle ja kauemmas ja voivat t\u00e4ll\u00f6in viipy\u00e4 poissa [&hellip;]","og_url":"https:\/\/viestikyyhky.fi\/index.php\/nuoret-kyyhkyt\/","og_site_name":"Suomen Viestikyyhky- Yhdistys","og_image":[{"width":200,"height":200,"url":"https:\/\/viestikyyhky.fi\/wp-content\/uploads\/2025\/01\/red_cheq_vas.jpg","type":"image\/jpeg"}],"twitter_card":"summary_large_image","twitter_misc":{"Est. reading time":"1 minute"},"schema":{"@context":"https:\/\/schema.org","@graph":[{"@type":"WebPage","@id":"https:\/\/viestikyyhky.fi\/index.php\/nuoret-kyyhkyt\/","url":"https:\/\/viestikyyhky.fi\/index.php\/nuoret-kyyhkyt\/","name":"Nuoret kyyhkyt - Suomen Viestikyyhky- Yhdistys","isPartOf":{"@id":"https:\/\/viestikyyhky.fi\/#website"},"primaryImageOfPage":{"@id":"https:\/\/viestikyyhky.fi\/index.php\/nuoret-kyyhkyt\/#primaryimage"},"image":{"@id":"https:\/\/viestikyyhky.fi\/index.php\/nuoret-kyyhkyt\/#primaryimage"},"thumbnailUrl":"https:\/\/viestikyyhky.fi\/wp-content\/uploads\/2025\/01\/red_cheq_vas.jpg","datePublished":"2025-02-12T20:09:17+00:00","breadcrumb":{"@id":"https:\/\/viestikyyhky.fi\/index.php\/nuoret-kyyhkyt\/#breadcrumb"},"inLanguage":"en-US","potentialAction":[{"@type":"ReadAction","target":["https:\/\/viestikyyhky.fi\/index.php\/nuoret-kyyhkyt\/"]}]},{"@type":"ImageObject","inLanguage":"en-US","@id":"https:\/\/viestikyyhky.fi\/index.php\/nuoret-kyyhkyt\/#primaryimage","url":"https:\/\/viestikyyhky.fi\/wp-content\/uploads\/2025\/01\/red_cheq_vas.jpg","contentUrl":"https:\/\/viestikyyhky.fi\/wp-content\/uploads\/2025\/01\/red_cheq_vas.jpg","width":200,"height":200},{"@type":"BreadcrumbList","@id":"https:\/\/viestikyyhky.fi\/index.php\/nuoret-kyyhkyt\/#breadcrumb","itemListElement":[{"@type":"ListItem","position":1,"name":"Home","item":"https:\/\/viestikyyhky.fi\/"},{"@type":"ListItem","position":2,"name":"Nuoret kyyhkyt"}]},{"@type":"WebSite","@id":"https:\/\/viestikyyhky.fi\/#website","url":"https:\/\/viestikyyhky.fi\/","name":"Suomen Viestikyyhky- Yhdistys","description":"","publisher":{"@id":"https:\/\/viestikyyhky.fi\/#organization"},"potentialAction":[{"@type":"SearchAction","target":{"@type":"EntryPoint","urlTemplate":"https:\/\/viestikyyhky.fi\/?s={search_term_string}"},"query-input":{"@type":"PropertyValueSpecification","valueRequired":true,"valueName":"search_term_string"}}],"inLanguage":"en-US"},{"@type":"Organization","@id":"https:\/\/viestikyyhky.fi\/#organization","name":"Suomen Viestikyyhky- Yhdistys","url":"https:\/\/viestikyyhky.fi\/","logo":{"@type":"ImageObject","inLanguage":"en-US","@id":"https:\/\/viestikyyhky.fi\/#\/schema\/logo\/image\/","url":"https:\/\/viestikyyhky.fi\/wp-content\/uploads\/2025\/01\/Zaki-Logo-1.png","contentUrl":"https:\/\/viestikyyhky.fi\/wp-content\/uploads\/2025\/01\/Zaki-Logo-1.png","width":1274,"height":354,"caption":"Suomen Viestikyyhky- Yhdistys"},"image":{"@id":"https:\/\/viestikyyhky.fi\/#\/schema\/logo\/image\/"}}]}},"_links":{"self":[{"href":"https:\/\/viestikyyhky.fi\/index.php\/wp-json\/wp\/v2\/pages\/196","targetHints":{"allow":["GET"]}}],"collection":[{"href":"https:\/\/viestikyyhky.fi\/index.php\/wp-json\/wp\/v2\/pages"}],"about":[{"href":"https:\/\/viestikyyhky.fi\/index.php\/wp-json\/wp\/v2\/types\/page"}],"author":[{"embeddable":true,"href":"https:\/\/viestikyyhky.fi\/index.php\/wp-json\/wp\/v2\/users\/1"}],"replies":[{"embeddable":true,"href":"https:\/\/viestikyyhky.fi\/index.php\/wp-json\/wp\/v2\/comments?post=196"}],"version-history":[{"count":1,"href":"https:\/\/viestikyyhky.fi\/index.php\/wp-json\/wp\/v2\/pages\/196\/revisions"}],"predecessor-version":[{"id":237,"href":"https:\/\/viestikyyhky.fi\/index.php\/wp-json\/wp\/v2\/pages\/196\/revisions\/237"}],"wp:attachment":[{"href":"https:\/\/viestikyyhky.fi\/index.php\/wp-json\/wp\/v2\/media?parent=196"}],"curies":[{"name":"wp","href":"https:\/\/api.w.org\/{rel}","templated":true}]}}