{"id":133,"date":"2025-01-24T12:21:19","date_gmt":"2025-01-24T12:21:19","guid":{"rendered":"https:\/\/viestikyyhky.fi\/?page_id=133"},"modified":"2025-01-31T11:42:52","modified_gmt":"2025-01-31T11:42:52","slug":"liity-jaseneksi","status":"publish","type":"page","link":"https:\/\/viestikyyhky.fi\/index.php\/liity-jaseneksi\/","title":{"rendered":"Liity j\u00e4seneksi"},"content":{"rendered":"\n<h3 class=\"wp-block-heading\">Suomen Viestikyyhky-Yhdistys Ry<\/h3>\n\n\n\n<p>Yhdistyksen liittymismaksu on 5\u20ac ja vuotuinen j\u00e4senmaksu 25\u20ac.<\/p>\n\n\n\n<p>J\u00e4seneksi voit liitty\u00e4 l\u00e4hett\u00e4m\u00e4l\u00e4 tietosi alla olevalla s\u00e4hk\u00f6postilla ja maksamalla liittymis- ja j\u00e4senmaksun yhdistyksen tilille.<\/p>\n\n\n\n<p><strong>Suomen Viestikyyhky-yhdistys Ry<\/strong>, FI82 5290 0220 5806 80<\/p>\n\n\n\n<p>Kiitos j\u00e4senyydest\u00e4si! Yhdess\u00e4 on enemm\u00e4n.<\/p>\n\n\n\n<p>L\u00e4het\u00e4 ilmoittautuminen s\u00e4hk\u00f6postilla.<\/p>\n\n\n\n<p>zaki_kamal5@yahoo.com<\/p>\n\n\n\n<p><\/p>\n","protected":false},"excerpt":{"rendered":"<p>Suomen Viestikyyhky-Yhdistys Ry Yhdistyksen liittymismaksu on 5\u20ac ja vuotuinen j\u00e4senmaksu 25\u20ac. J\u00e4seneksi voit liitty\u00e4 l\u00e4hett\u00e4m\u00e4l\u00e4 tietosi alla olevalla s\u00e4hk\u00f6postilla ja maksamalla liittymis- ja j\u00e4senmaksun yhdistyksen tilille. Suomen Viestikyyhky-yhdistys Ry, FI82 [&hellip;]<\/p>\n","protected":false},"author":1,"featured_media":163,"parent":0,"menu_order":0,"comment_status":"closed","ping_status":"closed","template":"","meta":{"_EventAllDay":false,"_EventTimezone":"","_EventStartDate":"","_EventEndDate":"","_EventStartDateUTC":"","_EventEndDateUTC":"","_EventShowMap":false,"_EventShowMapLink":false,"_EventURL":"","_EventCost":"","_EventCostDescription":"","_EventCurrencySymbol":"","_EventCurrencyCode":"","_EventCurrencyPosition":"","_EventDateTimeSeparator":"","_EventTimeRangeSeparator":"","_EventOrganizerID":[],"_EventVenueID":[],"_OrganizerEmail":"","_OrganizerPhone":"","_OrganizerWebsite":"","_VenueAddress":"","_VenueCity":"","_VenueCountry":"","_VenueProvince":"","_VenueState":"","_VenueZip":"","_VenuePhone":"","_VenueURL":"","_VenueStateProvince":"","_VenueLat":"","_VenueLng":"","_VenueShowMap":false,"_VenueShowMapLink":false,"footnotes":""},"class_list":["post-133","page","type-page","status-publish","has-post-thumbnail","hentry"],"yoast_head":"<!-- This site is optimized with the Yoast SEO plugin v27.4 - https:\/\/yoast.com\/product\/yoast-seo-wordpress\/ -->\n<title>Liity j\u00e4seneksi - Suomen Viestikyyhky- Yhdistys<\/title>\n<meta name=\"robots\" content=\"index, follow, max-snippet:-1, max-image-preview:large, max-video-preview:-1\" \/>\n<link rel=\"canonical\" href=\"https:\/\/viestikyyhky.fi\/index.php\/liity-jaseneksi\/\" \/>\n<meta property=\"og:locale\" content=\"en_US\" \/>\n<meta property=\"og:type\" content=\"article\" \/>\n<meta property=\"og:title\" content=\"Liity j\u00e4seneksi - Suomen Viestikyyhky- Yhdistys\" \/>\n<meta property=\"og:description\" content=\"Suomen Viestikyyhky-Yhdistys Ry Yhdistyksen liittymismaksu on 5\u20ac ja vuotuinen j\u00e4senmaksu 25\u20ac. J\u00e4seneksi voit liitty\u00e4 l\u00e4hett\u00e4m\u00e4l\u00e4 tietosi alla olevalla s\u00e4hk\u00f6postilla ja maksamalla liittymis- ja j\u00e4senmaksun yhdistyksen tilille. Suomen Viestikyyhky-yhdistys Ry, FI82 [&hellip;]\" \/>\n<meta property=\"og:url\" content=\"https:\/\/viestikyyhky.fi\/index.php\/liity-jaseneksi\/\" \/>\n<meta property=\"og:site_name\" content=\"Suomen Viestikyyhky- Yhdistys\" \/>\n<meta property=\"article:modified_time\" content=\"2025-01-31T11:42:52+00:00\" \/>\n<meta property=\"og:image\" content=\"https:\/\/viestikyyhky.fi\/wp-content\/uploads\/2025\/01\/hallitus-header-1.png\" \/>\n\t<meta property=\"og:image:width\" content=\"1340\" \/>\n\t<meta property=\"og:image:height\" content=\"645\" \/>\n\t<meta property=\"og:image:type\" content=\"image\/png\" \/>\n<meta name=\"twitter:card\" content=\"summary_large_image\" \/>\n<meta name=\"twitter:label1\" content=\"Est. reading time\" \/>\n\t<meta name=\"twitter:data1\" content=\"1 minute\" \/>\n<script type=\"application\/ld+json\" class=\"yoast-schema-graph\">{\"@context\":\"https:\\\/\\\/schema.org\",\"@graph\":[{\"@type\":\"WebPage\",\"@id\":\"https:\\\/\\\/viestikyyhky.fi\\\/index.php\\\/liity-jaseneksi\\\/\",\"url\":\"https:\\\/\\\/viestikyyhky.fi\\\/index.php\\\/liity-jaseneksi\\\/\",\"name\":\"Liity j\u00e4seneksi - Suomen Viestikyyhky- Yhdistys\",\"isPartOf\":{\"@id\":\"https:\\\/\\\/viestikyyhky.fi\\\/#website\"},\"primaryImageOfPage\":{\"@id\":\"https:\\\/\\\/viestikyyhky.fi\\\/index.php\\\/liity-jaseneksi\\\/#primaryimage\"},\"image\":{\"@id\":\"https:\\\/\\\/viestikyyhky.fi\\\/index.php\\\/liity-jaseneksi\\\/#primaryimage\"},\"thumbnailUrl\":\"https:\\\/\\\/viestikyyhky.fi\\\/wp-content\\\/uploads\\\/2025\\\/01\\\/hallitus-header-1.png\",\"datePublished\":\"2025-01-24T12:21:19+00:00\",\"dateModified\":\"2025-01-31T11:42:52+00:00\",\"breadcrumb\":{\"@id\":\"https:\\\/\\\/viestikyyhky.fi\\\/index.php\\\/liity-jaseneksi\\\/#breadcrumb\"},\"inLanguage\":\"en-US\",\"potentialAction\":[{\"@type\":\"ReadAction\",\"target\":[\"https:\\\/\\\/viestikyyhky.fi\\\/index.php\\\/liity-jaseneksi\\\/\"]}]},{\"@type\":\"ImageObject\",\"inLanguage\":\"en-US\",\"@id\":\"https:\\\/\\\/viestikyyhky.fi\\\/index.php\\\/liity-jaseneksi\\\/#primaryimage\",\"url\":\"https:\\\/\\\/viestikyyhky.fi\\\/wp-content\\\/uploads\\\/2025\\\/01\\\/hallitus-header-1.png\",\"contentUrl\":\"https:\\\/\\\/viestikyyhky.fi\\\/wp-content\\\/uploads\\\/2025\\\/01\\\/hallitus-header-1.png\",\"width\":1340,\"height\":645},{\"@type\":\"BreadcrumbList\",\"@id\":\"https:\\\/\\\/viestikyyhky.fi\\\/index.php\\\/liity-jaseneksi\\\/#breadcrumb\",\"itemListElement\":[{\"@type\":\"ListItem\",\"position\":1,\"name\":\"Home\",\"item\":\"https:\\\/\\\/viestikyyhky.fi\\\/\"},{\"@type\":\"ListItem\",\"position\":2,\"name\":\"Liity j\u00e4seneksi\"}]},{\"@type\":\"WebSite\",\"@id\":\"https:\\\/\\\/viestikyyhky.fi\\\/#website\",\"url\":\"https:\\\/\\\/viestikyyhky.fi\\\/\",\"name\":\"Suomen Viestikyyhky- Yhdistys\",\"description\":\"\",\"publisher\":{\"@id\":\"https:\\\/\\\/viestikyyhky.fi\\\/#organization\"},\"potentialAction\":[{\"@type\":\"SearchAction\",\"target\":{\"@type\":\"EntryPoint\",\"urlTemplate\":\"https:\\\/\\\/viestikyyhky.fi\\\/?s={search_term_string}\"},\"query-input\":{\"@type\":\"PropertyValueSpecification\",\"valueRequired\":true,\"valueName\":\"search_term_string\"}}],\"inLanguage\":\"en-US\"},{\"@type\":\"Organization\",\"@id\":\"https:\\\/\\\/viestikyyhky.fi\\\/#organization\",\"name\":\"Suomen Viestikyyhky- Yhdistys\",\"url\":\"https:\\\/\\\/viestikyyhky.fi\\\/\",\"logo\":{\"@type\":\"ImageObject\",\"inLanguage\":\"en-US\",\"@id\":\"https:\\\/\\\/viestikyyhky.fi\\\/#\\\/schema\\\/logo\\\/image\\\/\",\"url\":\"https:\\\/\\\/viestikyyhky.fi\\\/wp-content\\\/uploads\\\/2025\\\/01\\\/Zaki-Logo-1.png\",\"contentUrl\":\"https:\\\/\\\/viestikyyhky.fi\\\/wp-content\\\/uploads\\\/2025\\\/01\\\/Zaki-Logo-1.png\",\"width\":1274,\"height\":354,\"caption\":\"Suomen Viestikyyhky- Yhdistys\"},\"image\":{\"@id\":\"https:\\\/\\\/viestikyyhky.fi\\\/#\\\/schema\\\/logo\\\/image\\\/\"}}]}<\/script>\n<!-- \/ Yoast SEO plugin. -->","yoast_head_json":{"title":"Liity j\u00e4seneksi - Suomen Viestikyyhky- Yhdistys","robots":{"index":"index","follow":"follow","max-snippet":"max-snippet:-1","max-image-preview":"max-image-preview:large","max-video-preview":"max-video-preview:-1"},"canonical":"https:\/\/viestikyyhky.fi\/index.php\/liity-jaseneksi\/","og_locale":"en_US","og_type":"article","og_title":"Liity j\u00e4seneksi - Suomen Viestikyyhky- Yhdistys","og_description":"Suomen Viestikyyhky-Yhdistys Ry Yhdistyksen liittymismaksu on 5\u20ac ja vuotuinen j\u00e4senmaksu 25\u20ac. J\u00e4seneksi voit liitty\u00e4 l\u00e4hett\u00e4m\u00e4l\u00e4 tietosi alla olevalla s\u00e4hk\u00f6postilla ja maksamalla liittymis- ja j\u00e4senmaksun yhdistyksen tilille. Suomen Viestikyyhky-yhdistys Ry, FI82 [&hellip;]","og_url":"https:\/\/viestikyyhky.fi\/index.php\/liity-jaseneksi\/","og_site_name":"Suomen Viestikyyhky- Yhdistys","article_modified_time":"2025-01-31T11:42:52+00:00","og_image":[{"width":1340,"height":645,"url":"https:\/\/viestikyyhky.fi\/wp-content\/uploads\/2025\/01\/hallitus-header-1.png","type":"image\/png"}],"twitter_card":"summary_large_image","twitter_misc":{"Est. reading time":"1 minute"},"schema":{"@context":"https:\/\/schema.org","@graph":[{"@type":"WebPage","@id":"https:\/\/viestikyyhky.fi\/index.php\/liity-jaseneksi\/","url":"https:\/\/viestikyyhky.fi\/index.php\/liity-jaseneksi\/","name":"Liity j\u00e4seneksi - Suomen Viestikyyhky- Yhdistys","isPartOf":{"@id":"https:\/\/viestikyyhky.fi\/#website"},"primaryImageOfPage":{"@id":"https:\/\/viestikyyhky.fi\/index.php\/liity-jaseneksi\/#primaryimage"},"image":{"@id":"https:\/\/viestikyyhky.fi\/index.php\/liity-jaseneksi\/#primaryimage"},"thumbnailUrl":"https:\/\/viestikyyhky.fi\/wp-content\/uploads\/2025\/01\/hallitus-header-1.png","datePublished":"2025-01-24T12:21:19+00:00","dateModified":"2025-01-31T11:42:52+00:00","breadcrumb":{"@id":"https:\/\/viestikyyhky.fi\/index.php\/liity-jaseneksi\/#breadcrumb"},"inLanguage":"en-US","potentialAction":[{"@type":"ReadAction","target":["https:\/\/viestikyyhky.fi\/index.php\/liity-jaseneksi\/"]}]},{"@type":"ImageObject","inLanguage":"en-US","@id":"https:\/\/viestikyyhky.fi\/index.php\/liity-jaseneksi\/#primaryimage","url":"https:\/\/viestikyyhky.fi\/wp-content\/uploads\/2025\/01\/hallitus-header-1.png","contentUrl":"https:\/\/viestikyyhky.fi\/wp-content\/uploads\/2025\/01\/hallitus-header-1.png","width":1340,"height":645},{"@type":"BreadcrumbList","@id":"https:\/\/viestikyyhky.fi\/index.php\/liity-jaseneksi\/#breadcrumb","itemListElement":[{"@type":"ListItem","position":1,"name":"Home","item":"https:\/\/viestikyyhky.fi\/"},{"@type":"ListItem","position":2,"name":"Liity j\u00e4seneksi"}]},{"@type":"WebSite","@id":"https:\/\/viestikyyhky.fi\/#website","url":"https:\/\/viestikyyhky.fi\/","name":"Suomen Viestikyyhky- Yhdistys","description":"","publisher":{"@id":"https:\/\/viestikyyhky.fi\/#organization"},"potentialAction":[{"@type":"SearchAction","target":{"@type":"EntryPoint","urlTemplate":"https:\/\/viestikyyhky.fi\/?s={search_term_string}"},"query-input":{"@type":"PropertyValueSpecification","valueRequired":true,"valueName":"search_term_string"}}],"inLanguage":"en-US"},{"@type":"Organization","@id":"https:\/\/viestikyyhky.fi\/#organization","name":"Suomen Viestikyyhky- Yhdistys","url":"https:\/\/viestikyyhky.fi\/","logo":{"@type":"ImageObject","inLanguage":"en-US","@id":"https:\/\/viestikyyhky.fi\/#\/schema\/logo\/image\/","url":"https:\/\/viestikyyhky.fi\/wp-content\/uploads\/2025\/01\/Zaki-Logo-1.png","contentUrl":"https:\/\/viestikyyhky.fi\/wp-content\/uploads\/2025\/01\/Zaki-Logo-1.png","width":1274,"height":354,"caption":"Suomen Viestikyyhky- Yhdistys"},"image":{"@id":"https:\/\/viestikyyhky.fi\/#\/schema\/logo\/image\/"}}]}},"_links":{"self":[{"href":"https:\/\/viestikyyhky.fi\/index.php\/wp-json\/wp\/v2\/pages\/133","targetHints":{"allow":["GET"]}}],"collection":[{"href":"https:\/\/viestikyyhky.fi\/index.php\/wp-json\/wp\/v2\/pages"}],"about":[{"href":"https:\/\/viestikyyhky.fi\/index.php\/wp-json\/wp\/v2\/types\/page"}],"author":[{"embeddable":true,"href":"https:\/\/viestikyyhky.fi\/index.php\/wp-json\/wp\/v2\/users\/1"}],"replies":[{"embeddable":true,"href":"https:\/\/viestikyyhky.fi\/index.php\/wp-json\/wp\/v2\/comments?post=133"}],"version-history":[{"count":5,"href":"https:\/\/viestikyyhky.fi\/index.php\/wp-json\/wp\/v2\/pages\/133\/revisions"}],"predecessor-version":[{"id":221,"href":"https:\/\/viestikyyhky.fi\/index.php\/wp-json\/wp\/v2\/pages\/133\/revisions\/221"}],"wp:featuredmedia":[{"embeddable":true,"href":"https:\/\/viestikyyhky.fi\/index.php\/wp-json\/wp\/v2\/media\/163"}],"wp:attachment":[{"href":"https:\/\/viestikyyhky.fi\/index.php\/wp-json\/wp\/v2\/media?parent=133"}],"curies":[{"name":"wp","href":"https:\/\/api.w.org\/{rel}","templated":true}]}}