{"id":132,"date":"2025-01-24T12:21:09","date_gmt":"2025-01-24T12:21:09","guid":{"rendered":"https:\/\/viestikyyhky.fi\/?page_id=132"},"modified":"2025-05-20T22:03:23","modified_gmt":"2025-05-20T22:03:23","slug":"loytokyyhky","status":"publish","type":"page","link":"https:\/\/viestikyyhky.fi\/index.php\/loytokyyhky\/","title":{"rendered":"L\u00f6ydetyt kyyhkyt"},"content":{"rendered":"\n<p><strong>Miten Toimia, Jos L\u00f6yd\u00e4t Kadonneen Vietikyyhkyn<\/strong><\/p>\n\n\n\n<p class=\"has-text-align-left\">Kaikki Suomen Viestikyyhky-yhdistyksen j\u00e4senien viestikyyhkyt ovat rengastettu. Kyyhkyll\u00e4 on jalassa ns. numerorengas josta ilmenee kyyhkyn syntym\u00e4vuosi, maa ja sen oma numero esimerkiksi FIN-Suomi, PL-Puola, RO-Romania, S-Ruotsi jne.. L\u00f6ydetty kyyhky saattaa olla omistajalleen arvokas ja h\u00e4n on varmasti iloinen jos saa kyyhkyns\u00e4 takaisin. Ota kyyhky kiinni.&nbsp; Monet ovat niin kesyj\u00e4 ja v\u00e4syneit\u00e4 ett\u00e4 kiinniotto onnistuu jopa paljain k\u00e4sin.&nbsp;Kyyhky saattaa olla etsinyt lakkaansa pitk\u00e4\u00e4n ja voi olla vain jo niin v\u00e4synyt ettei en\u00e4\u00e4 p\u00e4rj\u00e4\u00e4 ilman ihmisen apua.<\/p>\n\n\n\n<h3 class=\"wp-block-heading\">1. <strong>Tarjoa Ruokaa ja Vett\u00e4<\/strong><\/h3>\n\n\n\n<p>Eksynyt kyyhky on usein janoissaan ja n\u00e4liss\u00e4\u00e4n. Tarjoa puhdasta vett\u00e4 ja ruokaa, kuten maissi, ohra, vehn\u00e4, rypsi, herne ja pienet auringonkukan siemenet.&nbsp; Kyyhky ei sy\u00f6 mielell\u00e4\u00e4n kauraa.<\/p>\n\n\n\n<h3 class=\"wp-block-heading\">2. <strong>Tarkista Tunnistusmerkinn\u00e4t<\/strong><\/h3>\n\n\n\n<p>Useimmilla kilpakyyhkyill\u00e4 on jalkarenkaat, joissa on tunnistenumeroita. N\u00e4m\u00e4 renkaat voivat auttaa omistajan j\u00e4ljitt\u00e4misess\u00e4. Tarkista:<\/p>\n\n\n\n<ul class=\"wp-block-list\">\n<li>Kirjainten ja numeroiden yhdistelm\u00e4.<\/li>\n\n\n\n<li>V\u00e4rit, jotka voivat viitata vuosin maahan tai organisaatioon.<\/li>\n<\/ul>\n\n\n\n<p>Jos et tied\u00e4, miten tulkita renkaiden tietoja, ota selke\u00e4 kuva ja ota yhteytt\u00e4 Suomen Viestikyhhky-Yhdistuksen.<\/p>\n\n\n\n<h3 class=\"wp-block-heading\">3. <strong>Suojaa Kyyhky (Jos Mahdollista)<\/strong><\/h3>\n\n\n\n<p>Jos kyyhky vaikuttaa kesylt\u00e4 ja terveelt\u00e4, yrit\u00e4 varovasti laittaa se hyvin ilmastoituun laatikkoon tai h\u00e4kkiin pit\u00e4\u00e4ksesi sen turvassa petoel\u00e4imilt\u00e4. Sijoita laatikko rauhalliseen ja varjoisaan paikkaan. Kyyhkyj\u00e4 eksyy kilpailuista sek\u00e4 valmennus lennoilta.&nbsp; Suomen eksyy my\u00f6s vuosittain kyyhkyj\u00e4 Euroopasta ja jopa pitemp\u00e4\u00e4nkin. Suomen Viestikyyhky-Yhdistys on hoitaneet ja l\u00e4het\u00e4neet Euroopasta eksynyt linnut takaisin.<\/p>\n\n\n\n<h3 class=\"wp-block-heading\">4. <strong>Ilmoita L\u00f6yd\u00f6st\u00e4<\/strong><\/h3>\n\n\n\n<p>Auttaaksesi kyyhkyn takaisin omistajalleen, julkaise tieto l\u00f6yd\u00f6st\u00e4mme virallisella <a href=\"https:\/\/www.facebook.com\/groups\/877316419529000\/?ref=share\">Facebook-sivullamme<\/a> ja sis\u00e4lt\u00e4\u00e4 seuraavat tiedot:<\/p>\n\n\n\n<ul class=\"wp-block-list\">\n<li>Kyyhkyn kuva<\/li>\n\n\n\n<li>Mahdolliset tunnistenumerot jalkarenkaasta<\/li>\n\n\n\n<li>Yleistietoja sijainnistasi (ilman tarkkaa osoitetta)<\/li>\n<\/ul>\n\n\n\n<h3 class=\"wp-block-heading\"><strong>Etsi Kilpakyyhkyjen Tunnistenumeroita<\/strong><\/h3>\n\n\n\n<p>K\u00e4yt\u00e4 hakutoimintoamme etsi\u00e4ksesi kirjekyyhkyjen tunnistenumeroita. Voit hakea tiedoilla, kuten vuoden, renkaan v\u00e4rin tai omistajan nimen perusteella. T\u00e4m\u00e4 auttaa omistajien ja lintujen yhdist\u00e4misess\u00e4 mahdollisimman nopeasti ja tehokkaasti.<\/p>\n\n\n\n<figure class=\"wp-block-embed is-type-wp-embed is-provider-suomen-viestikyyhky-yhdistys wp-block-embed-suomen-viestikyyhky-yhdistys\"><div class=\"wp-block-embed__wrapper\">\n<blockquote class=\"wp-embedded-content\" data-secret=\"CVmwVb8xeL\"><a href=\"https:\/\/viestikyyhky.fi\/index.php\/tunnisterenkaat\/\">Tunnisterenkaat<\/a><\/blockquote><iframe loading=\"lazy\" class=\"wp-embedded-content\" sandbox=\"allow-scripts\" security=\"restricted\" style=\"position: absolute; visibility: hidden;\" title=\"&#8220;Tunnisterenkaat&#8221; &#8212; Suomen Viestikyyhky- Yhdistys\" src=\"https:\/\/viestikyyhky.fi\/index.php\/tunnisterenkaat\/embed\/#?secret=PArXZ3HZ8k#?secret=CVmwVb8xeL\" data-secret=\"CVmwVb8xeL\" width=\"500\" height=\"282\" frameborder=\"0\" marginwidth=\"0\" marginheight=\"0\" scrolling=\"no\"><\/iframe>\n<\/div><\/figure>\n\n\n\n<h3 class=\"wp-block-heading\"><strong>Yhteystiedot Kadonneille Kyyhkyille<\/strong><\/h3>\n\n\n\n<p>Jos tarvitset lis\u00e4apua kadonneen kyyhkyn suhteen, voit ottaa yhteytt\u00e4 seuraaviin:<\/p>\n\n\n\n<p><strong>S\u00e4hk\u00f6posti:<\/strong> <a href=\"mailto:farukmehmeti@hotmail.com\" rel=\"nofollow\">farukmehmeti@hotmail.com<\/a><\/p>\n\n\n\n<p><strong>Nimi:<\/strong> Faruk Mehmeti<\/p>\n\n\n\n<p><strong>Puhelin:<\/strong> +358 40 7448442<\/p>\n\n\n\n<p><a href=\"https:\/\/www.facebook.com\/groups\/877316419529000\/?ref=share\">https:\/\/www.facebook.com\/groups\/877316419529000\/?ref=share<\/a><\/p>\n","protected":false},"excerpt":{"rendered":"<p>Miten Toimia, Jos L\u00f6yd\u00e4t Kadonneen Vietikyyhkyn Kaikki Suomen Viestikyyhky-yhdistyksen j\u00e4senien viestikyyhkyt ovat rengastettu. Kyyhkyll\u00e4 on jalassa ns. numerorengas josta ilmenee kyyhkyn syntym\u00e4vuosi, maa ja sen oma numero esimerkiksi FIN-Suomi, PL-Puola, [&hellip;]<\/p>\n","protected":false},"author":1,"featured_media":0,"parent":0,"menu_order":0,"comment_status":"closed","ping_status":"closed","template":"","meta":{"_EventAllDay":false,"_EventTimezone":"","_EventStartDate":"","_EventEndDate":"","_EventStartDateUTC":"","_EventEndDateUTC":"","_EventShowMap":false,"_EventShowMapLink":false,"_EventURL":"","_EventCost":"","_EventCostDescription":"","_EventCurrencySymbol":"","_EventCurrencyCode":"","_EventCurrencyPosition":"","_EventDateTimeSeparator":"","_EventTimeRangeSeparator":"","_EventOrganizerID":[],"_EventVenueID":[],"_OrganizerEmail":"","_OrganizerPhone":"","_OrganizerWebsite":"","_VenueAddress":"","_VenueCity":"","_VenueCountry":"","_VenueProvince":"","_VenueState":"","_VenueZip":"","_VenuePhone":"","_VenueURL":"","_VenueStateProvince":"","_VenueLat":"","_VenueLng":"","_VenueShowMap":false,"_VenueShowMapLink":false,"footnotes":""},"class_list":["post-132","page","type-page","status-publish","hentry"],"yoast_head":"<!-- This site is optimized with the Yoast SEO plugin v27.5 - https:\/\/yoast.com\/product\/yoast-seo-wordpress\/ -->\n<title>L\u00f6ydetyt kyyhkyt - Suomen Viestikyyhky- Yhdistys<\/title>\n<meta name=\"robots\" content=\"index, follow, max-snippet:-1, max-image-preview:large, max-video-preview:-1\" \/>\n<link rel=\"canonical\" href=\"https:\/\/viestikyyhky.fi\/index.php\/loytokyyhky\/\" \/>\n<meta property=\"og:locale\" content=\"en_US\" \/>\n<meta property=\"og:type\" content=\"article\" \/>\n<meta property=\"og:title\" content=\"L\u00f6ydetyt kyyhkyt - Suomen Viestikyyhky- Yhdistys\" \/>\n<meta property=\"og:description\" content=\"Miten Toimia, Jos L\u00f6yd\u00e4t Kadonneen Vietikyyhkyn Kaikki Suomen Viestikyyhky-yhdistyksen j\u00e4senien viestikyyhkyt ovat rengastettu. Kyyhkyll\u00e4 on jalassa ns. numerorengas josta ilmenee kyyhkyn syntym\u00e4vuosi, maa ja sen oma numero esimerkiksi FIN-Suomi, PL-Puola, [&hellip;]\" \/>\n<meta property=\"og:url\" content=\"https:\/\/viestikyyhky.fi\/index.php\/loytokyyhky\/\" \/>\n<meta property=\"og:site_name\" content=\"Suomen Viestikyyhky- Yhdistys\" \/>\n<meta property=\"article:modified_time\" content=\"2025-05-20T22:03:23+00:00\" \/>\n<meta name=\"twitter:card\" content=\"summary_large_image\" \/>\n<meta name=\"twitter:label1\" content=\"Est. reading time\" \/>\n\t<meta name=\"twitter:data1\" content=\"2 minutes\" \/>\n<script type=\"application\/ld+json\" class=\"yoast-schema-graph\">{\"@context\":\"https:\\\/\\\/schema.org\",\"@graph\":[{\"@type\":\"WebPage\",\"@id\":\"https:\\\/\\\/viestikyyhky.fi\\\/index.php\\\/loytokyyhky\\\/\",\"url\":\"https:\\\/\\\/viestikyyhky.fi\\\/index.php\\\/loytokyyhky\\\/\",\"name\":\"L\u00f6ydetyt kyyhkyt - Suomen Viestikyyhky- Yhdistys\",\"isPartOf\":{\"@id\":\"https:\\\/\\\/viestikyyhky.fi\\\/#website\"},\"datePublished\":\"2025-01-24T12:21:09+00:00\",\"dateModified\":\"2025-05-20T22:03:23+00:00\",\"breadcrumb\":{\"@id\":\"https:\\\/\\\/viestikyyhky.fi\\\/index.php\\\/loytokyyhky\\\/#breadcrumb\"},\"inLanguage\":\"en-US\",\"potentialAction\":[{\"@type\":\"ReadAction\",\"target\":[\"https:\\\/\\\/viestikyyhky.fi\\\/index.php\\\/loytokyyhky\\\/\"]}]},{\"@type\":\"BreadcrumbList\",\"@id\":\"https:\\\/\\\/viestikyyhky.fi\\\/index.php\\\/loytokyyhky\\\/#breadcrumb\",\"itemListElement\":[{\"@type\":\"ListItem\",\"position\":1,\"name\":\"Home\",\"item\":\"https:\\\/\\\/viestikyyhky.fi\\\/\"},{\"@type\":\"ListItem\",\"position\":2,\"name\":\"L\u00f6ydetyt kyyhkyt\"}]},{\"@type\":\"WebSite\",\"@id\":\"https:\\\/\\\/viestikyyhky.fi\\\/#website\",\"url\":\"https:\\\/\\\/viestikyyhky.fi\\\/\",\"name\":\"Suomen Viestikyyhky- Yhdistys\",\"description\":\"\",\"publisher\":{\"@id\":\"https:\\\/\\\/viestikyyhky.fi\\\/#organization\"},\"potentialAction\":[{\"@type\":\"SearchAction\",\"target\":{\"@type\":\"EntryPoint\",\"urlTemplate\":\"https:\\\/\\\/viestikyyhky.fi\\\/?s={search_term_string}\"},\"query-input\":{\"@type\":\"PropertyValueSpecification\",\"valueRequired\":true,\"valueName\":\"search_term_string\"}}],\"inLanguage\":\"en-US\"},{\"@type\":\"Organization\",\"@id\":\"https:\\\/\\\/viestikyyhky.fi\\\/#organization\",\"name\":\"Suomen Viestikyyhky- Yhdistys\",\"url\":\"https:\\\/\\\/viestikyyhky.fi\\\/\",\"logo\":{\"@type\":\"ImageObject\",\"inLanguage\":\"en-US\",\"@id\":\"https:\\\/\\\/viestikyyhky.fi\\\/#\\\/schema\\\/logo\\\/image\\\/\",\"url\":\"https:\\\/\\\/viestikyyhky.fi\\\/wp-content\\\/uploads\\\/2025\\\/01\\\/Zaki-Logo-1.png\",\"contentUrl\":\"https:\\\/\\\/viestikyyhky.fi\\\/wp-content\\\/uploads\\\/2025\\\/01\\\/Zaki-Logo-1.png\",\"width\":1274,\"height\":354,\"caption\":\"Suomen Viestikyyhky- Yhdistys\"},\"image\":{\"@id\":\"https:\\\/\\\/viestikyyhky.fi\\\/#\\\/schema\\\/logo\\\/image\\\/\"}}]}<\/script>\n<!-- \/ Yoast SEO plugin. -->","yoast_head_json":{"title":"L\u00f6ydetyt kyyhkyt - Suomen Viestikyyhky- Yhdistys","robots":{"index":"index","follow":"follow","max-snippet":"max-snippet:-1","max-image-preview":"max-image-preview:large","max-video-preview":"max-video-preview:-1"},"canonical":"https:\/\/viestikyyhky.fi\/index.php\/loytokyyhky\/","og_locale":"en_US","og_type":"article","og_title":"L\u00f6ydetyt kyyhkyt - Suomen Viestikyyhky- Yhdistys","og_description":"Miten Toimia, Jos L\u00f6yd\u00e4t Kadonneen Vietikyyhkyn Kaikki Suomen Viestikyyhky-yhdistyksen j\u00e4senien viestikyyhkyt ovat rengastettu. Kyyhkyll\u00e4 on jalassa ns. numerorengas josta ilmenee kyyhkyn syntym\u00e4vuosi, maa ja sen oma numero esimerkiksi FIN-Suomi, PL-Puola, [&hellip;]","og_url":"https:\/\/viestikyyhky.fi\/index.php\/loytokyyhky\/","og_site_name":"Suomen Viestikyyhky- Yhdistys","article_modified_time":"2025-05-20T22:03:23+00:00","twitter_card":"summary_large_image","twitter_misc":{"Est. reading time":"2 minutes"},"schema":{"@context":"https:\/\/schema.org","@graph":[{"@type":"WebPage","@id":"https:\/\/viestikyyhky.fi\/index.php\/loytokyyhky\/","url":"https:\/\/viestikyyhky.fi\/index.php\/loytokyyhky\/","name":"L\u00f6ydetyt kyyhkyt - Suomen Viestikyyhky- Yhdistys","isPartOf":{"@id":"https:\/\/viestikyyhky.fi\/#website"},"datePublished":"2025-01-24T12:21:09+00:00","dateModified":"2025-05-20T22:03:23+00:00","breadcrumb":{"@id":"https:\/\/viestikyyhky.fi\/index.php\/loytokyyhky\/#breadcrumb"},"inLanguage":"en-US","potentialAction":[{"@type":"ReadAction","target":["https:\/\/viestikyyhky.fi\/index.php\/loytokyyhky\/"]}]},{"@type":"BreadcrumbList","@id":"https:\/\/viestikyyhky.fi\/index.php\/loytokyyhky\/#breadcrumb","itemListElement":[{"@type":"ListItem","position":1,"name":"Home","item":"https:\/\/viestikyyhky.fi\/"},{"@type":"ListItem","position":2,"name":"L\u00f6ydetyt kyyhkyt"}]},{"@type":"WebSite","@id":"https:\/\/viestikyyhky.fi\/#website","url":"https:\/\/viestikyyhky.fi\/","name":"Suomen Viestikyyhky- Yhdistys","description":"","publisher":{"@id":"https:\/\/viestikyyhky.fi\/#organization"},"potentialAction":[{"@type":"SearchAction","target":{"@type":"EntryPoint","urlTemplate":"https:\/\/viestikyyhky.fi\/?s={search_term_string}"},"query-input":{"@type":"PropertyValueSpecification","valueRequired":true,"valueName":"search_term_string"}}],"inLanguage":"en-US"},{"@type":"Organization","@id":"https:\/\/viestikyyhky.fi\/#organization","name":"Suomen Viestikyyhky- Yhdistys","url":"https:\/\/viestikyyhky.fi\/","logo":{"@type":"ImageObject","inLanguage":"en-US","@id":"https:\/\/viestikyyhky.fi\/#\/schema\/logo\/image\/","url":"https:\/\/viestikyyhky.fi\/wp-content\/uploads\/2025\/01\/Zaki-Logo-1.png","contentUrl":"https:\/\/viestikyyhky.fi\/wp-content\/uploads\/2025\/01\/Zaki-Logo-1.png","width":1274,"height":354,"caption":"Suomen Viestikyyhky- Yhdistys"},"image":{"@id":"https:\/\/viestikyyhky.fi\/#\/schema\/logo\/image\/"}}]}},"_links":{"self":[{"href":"https:\/\/viestikyyhky.fi\/index.php\/wp-json\/wp\/v2\/pages\/132","targetHints":{"allow":["GET"]}}],"collection":[{"href":"https:\/\/viestikyyhky.fi\/index.php\/wp-json\/wp\/v2\/pages"}],"about":[{"href":"https:\/\/viestikyyhky.fi\/index.php\/wp-json\/wp\/v2\/types\/page"}],"author":[{"embeddable":true,"href":"https:\/\/viestikyyhky.fi\/index.php\/wp-json\/wp\/v2\/users\/1"}],"replies":[{"embeddable":true,"href":"https:\/\/viestikyyhky.fi\/index.php\/wp-json\/wp\/v2\/comments?post=132"}],"version-history":[{"count":10,"href":"https:\/\/viestikyyhky.fi\/index.php\/wp-json\/wp\/v2\/pages\/132\/revisions"}],"predecessor-version":[{"id":307,"href":"https:\/\/viestikyyhky.fi\/index.php\/wp-json\/wp\/v2\/pages\/132\/revisions\/307"}],"wp:attachment":[{"href":"https:\/\/viestikyyhky.fi\/index.php\/wp-json\/wp\/v2\/media?parent=132"}],"curies":[{"name":"wp","href":"https:\/\/api.w.org\/{rel}","templated":true}]}}