{"id":11,"date":"2025-01-20T11:24:00","date_gmt":"2025-01-20T11:24:00","guid":{"rendered":"https:\/\/viestikyyhky.fi\/?page_id=11"},"modified":"2025-02-15T21:50:30","modified_gmt":"2025-02-15T21:50:30","slug":"home","status":"publish","type":"page","link":"https:\/\/viestikyyhky.fi\/","title":{"rendered":"Home"},"content":{"rendered":"\n<div class=\"wp-block-group alignfull is-style-section-1 has-global-padding is-layout-constrained wp-block-group-is-layout-constrained is-style-section-1--1\" style=\"margin-top:0;margin-bottom:0;padding-top:var(--wp--preset--spacing--80);padding-bottom:var(--wp--preset--spacing--80)\">\n<div class=\"wp-block-columns alignwide is-layout-flex wp-container-core-columns-is-layout-66fad18a wp-block-columns-is-layout-flex\">\n<div class=\"wp-block-column is-layout-flow wp-block-column-is-layout-flow\" style=\"padding-right:var(--wp--preset--spacing--50);flex-basis:45%\">\n<figure class=\"wp-block-image size-full\"><img loading=\"lazy\" decoding=\"async\" width=\"750\" height=\"530\" src=\"https:\/\/viestikyyhky.fi\/wp-content\/uploads\/2025\/02\/1000000256_transparent_Craiyon.png\" alt=\"\" class=\"wp-image-253\" srcset=\"https:\/\/viestikyyhky.fi\/wp-content\/uploads\/2025\/02\/1000000256_transparent_Craiyon.png 750w, https:\/\/viestikyyhky.fi\/wp-content\/uploads\/2025\/02\/1000000256_transparent_Craiyon-300x212.png 300w\" sizes=\"auto, (max-width: 750px) 100vw, 750px\" \/><\/figure>\n\n\n\n<div class=\"wp-block-group has-global-padding is-layout-constrained wp-block-group-is-layout-constrained\" style=\"margin-top:-12vw\"><\/div>\n<\/div>\n\n\n\n<div class=\"wp-block-column is-vertically-aligned-center is-layout-flow wp-block-column-is-layout-flow\" style=\"padding-right:0;padding-left:0;flex-basis:50%\">\n<div class=\"wp-block-group is-vertical is-layout-flex wp-container-core-group-is-layout-fe9cc265 wp-block-group-is-layout-flex\">\n<h2 class=\"wp-block-heading\">Viestikyyhky on arvoituksellinen lintu<\/h2>\n<\/div>\n\n\n\n<p class=\"is-style-text-subtitle is-style-text-subtitle--2\">Sen ainutlaatuinen kyky suunnistaa takaisin kotilakkaansa tuhansien kilometrien takaa on kiehtonut ihmismielt\u00e4 kautta historian.<\/p>\n\n\n\n<p>Maailmankirjallisuudessa on paljon tarinoita, joissa viestikyyhky on ollut t\u00e4rke\u00e4ss\u00e4 asemassa. Kaikki varmaan muistavat mik\u00e4 lintu toi Nooan arkkiin tiedon vedenpaisumuksen p\u00e4\u00e4ttymisest\u00e4.<\/p>\n\n\n\n<p>Viime vuosisadalla kirjekyyhky kaupallistettiin palavien lemmensanomien vertauskuvaksi. Mutta kyyhky\u00e4 &#8211; rauhan ja rakkauden symbolia &#8211; on k\u00e4ytetty my\u00f6s sodan lintuna. Roomalaiset sotajoukot viestiv\u00e4t kirjekyyhkyn v\u00e4lityksell\u00e4 voitoistaan ja tappioistaan. Eik\u00e4 nykyisink\u00e4\u00e4n olla pekkaa pahempia, sill\u00e4 puolustusvoimilla, niin id\u00e4ss\u00e4 kuin l\u00e4nness\u00e4kin, on viestikyyhkyj\u00e4 tiedusteluteht\u00e4viss\u00e4. Mik\u00e4 sen helpompaa kuin kiinnitt\u00e4\u00e4 huomiotaher\u00e4tt\u00e4m\u00e4tt\u00f6m\u00e4n linnun jalkaan huippuunsa kehitettyj\u00e4 valvonta- ja vakoilulaitteita.<\/p>\n\n\n\n<p>Viestikyyhkyll\u00e4 on t\u00e4ss\u00e4 rauhattomassa ajassa my\u00f6skin viel\u00e4 rauhanomaisia teht\u00e4vi\u00e4. Mm. Italiassa niiden varmaa vaistoa ja erehtym\u00e4t\u00f6nt\u00e4 suunnistamiskyky\u00e4 k\u00e4ytet\u00e4\u00e4n liikenneonnettomuuden uhrien auttamiseen: verin\u00e4ytekapselit l\u00e4hetet\u00e4\u00e4n kyyhkyn siivin sairaalaan, miss\u00e4 loukkaantuneiden veriryhm\u00e4t pystyt\u00e4\u00e4n m\u00e4\u00e4rittelem\u00e4\u00e4n jo ennen ambulanssien tuloa.<\/p>\n\n\n\n<p class=\"is-style-text-subtitle is-style-text-subtitle--3\">Luettuasi n\u00e4m\u00e4 sivut Sin\u00e4 toivottavasti liityt joukkoomme!<\/p>\n<\/div>\n<\/div>\n<\/div>\n","protected":false},"excerpt":{"rendered":"<p>Viestikyyhky on arvoituksellinen lintu Sen ainutlaatuinen kyky suunnistaa takaisin kotilakkaansa tuhansien kilometrien takaa on kiehtonut ihmismielt\u00e4 kautta historian. Maailmankirjallisuudessa on paljon tarinoita, joissa viestikyyhky on ollut t\u00e4rke\u00e4ss\u00e4 asemassa. Kaikki varmaan [&hellip;]<\/p>\n","protected":false},"author":1,"featured_media":0,"parent":0,"menu_order":0,"comment_status":"closed","ping_status":"closed","template":"","meta":{"_EventAllDay":false,"_EventTimezone":"","_EventStartDate":"","_EventEndDate":"","_EventStartDateUTC":"","_EventEndDateUTC":"","_EventShowMap":false,"_EventShowMapLink":false,"_EventURL":"","_EventCost":"","_EventCostDescription":"","_EventCurrencySymbol":"","_EventCurrencyCode":"","_EventCurrencyPosition":"","_EventDateTimeSeparator":"","_EventTimeRangeSeparator":"","_EventOrganizerID":[],"_EventVenueID":[],"_OrganizerEmail":"","_OrganizerPhone":"","_OrganizerWebsite":"","_VenueAddress":"","_VenueCity":"","_VenueCountry":"","_VenueProvince":"","_VenueState":"","_VenueZip":"","_VenuePhone":"","_VenueURL":"","_VenueStateProvince":"","_VenueLat":"","_VenueLng":"","_VenueShowMap":false,"_VenueShowMapLink":false,"footnotes":""},"class_list":["post-11","page","type-page","status-publish","hentry"],"yoast_head":"<!-- This site is optimized with the Yoast SEO plugin v27.4 - https:\/\/yoast.com\/product\/yoast-seo-wordpress\/ -->\n<title>Home - Suomen Viestikyyhky- Yhdistys<\/title>\n<meta name=\"robots\" content=\"index, follow, max-snippet:-1, max-image-preview:large, max-video-preview:-1\" \/>\n<link rel=\"canonical\" href=\"https:\/\/viestikyyhky.fi\/\" \/>\n<meta property=\"og:locale\" content=\"en_US\" \/>\n<meta property=\"og:type\" content=\"article\" \/>\n<meta property=\"og:title\" content=\"Home - Suomen Viestikyyhky- Yhdistys\" \/>\n<meta property=\"og:description\" content=\"Viestikyyhky on arvoituksellinen lintu Sen ainutlaatuinen kyky suunnistaa takaisin kotilakkaansa tuhansien kilometrien takaa on kiehtonut ihmismielt\u00e4 kautta historian. Maailmankirjallisuudessa on paljon tarinoita, joissa viestikyyhky on ollut t\u00e4rke\u00e4ss\u00e4 asemassa. Kaikki varmaan [&hellip;]\" \/>\n<meta property=\"og:url\" content=\"https:\/\/viestikyyhky.fi\/\" \/>\n<meta property=\"og:site_name\" content=\"Suomen Viestikyyhky- Yhdistys\" \/>\n<meta property=\"article:modified_time\" content=\"2025-02-15T21:50:30+00:00\" \/>\n<meta property=\"og:image\" content=\"https:\/\/viestikyyhky.fi\/wp-content\/uploads\/2025\/02\/1000000256_transparent_Craiyon.png\" \/>\n\t<meta property=\"og:image:width\" content=\"750\" \/>\n\t<meta property=\"og:image:height\" content=\"530\" \/>\n\t<meta property=\"og:image:type\" content=\"image\/png\" \/>\n<meta name=\"twitter:card\" content=\"summary_large_image\" \/>\n<meta name=\"twitter:label1\" content=\"Est. reading time\" \/>\n\t<meta name=\"twitter:data1\" content=\"1 minute\" \/>\n<script type=\"application\/ld+json\" class=\"yoast-schema-graph\">{\"@context\":\"https:\\\/\\\/schema.org\",\"@graph\":[{\"@type\":\"WebPage\",\"@id\":\"https:\\\/\\\/viestikyyhky.fi\\\/\",\"url\":\"https:\\\/\\\/viestikyyhky.fi\\\/\",\"name\":\"Home - Suomen Viestikyyhky- Yhdistys\",\"isPartOf\":{\"@id\":\"https:\\\/\\\/viestikyyhky.fi\\\/#website\"},\"primaryImageOfPage\":{\"@id\":\"https:\\\/\\\/viestikyyhky.fi\\\/#primaryimage\"},\"image\":{\"@id\":\"https:\\\/\\\/viestikyyhky.fi\\\/#primaryimage\"},\"thumbnailUrl\":\"https:\\\/\\\/viestikyyhky.fi\\\/wp-content\\\/uploads\\\/2025\\\/02\\\/1000000256_transparent_Craiyon.png\",\"datePublished\":\"2025-01-20T11:24:00+00:00\",\"dateModified\":\"2025-02-15T21:50:30+00:00\",\"breadcrumb\":{\"@id\":\"https:\\\/\\\/viestikyyhky.fi\\\/#breadcrumb\"},\"inLanguage\":\"en-US\",\"potentialAction\":[{\"@type\":\"ReadAction\",\"target\":[\"https:\\\/\\\/viestikyyhky.fi\\\/\"]}]},{\"@type\":\"ImageObject\",\"inLanguage\":\"en-US\",\"@id\":\"https:\\\/\\\/viestikyyhky.fi\\\/#primaryimage\",\"url\":\"https:\\\/\\\/viestikyyhky.fi\\\/wp-content\\\/uploads\\\/2025\\\/02\\\/1000000256_transparent_Craiyon.png\",\"contentUrl\":\"https:\\\/\\\/viestikyyhky.fi\\\/wp-content\\\/uploads\\\/2025\\\/02\\\/1000000256_transparent_Craiyon.png\",\"width\":750,\"height\":530},{\"@type\":\"BreadcrumbList\",\"@id\":\"https:\\\/\\\/viestikyyhky.fi\\\/#breadcrumb\",\"itemListElement\":[{\"@type\":\"ListItem\",\"position\":1,\"name\":\"Home\",\"item\":\"https:\\\/\\\/viestikyyhky.fi\\\/\"},{\"@type\":\"ListItem\",\"position\":2,\"name\":\"Home\"}]},{\"@type\":\"WebSite\",\"@id\":\"https:\\\/\\\/viestikyyhky.fi\\\/#website\",\"url\":\"https:\\\/\\\/viestikyyhky.fi\\\/\",\"name\":\"Suomen Viestikyyhky- Yhdistys\",\"description\":\"\",\"publisher\":{\"@id\":\"https:\\\/\\\/viestikyyhky.fi\\\/#organization\"},\"potentialAction\":[{\"@type\":\"SearchAction\",\"target\":{\"@type\":\"EntryPoint\",\"urlTemplate\":\"https:\\\/\\\/viestikyyhky.fi\\\/?s={search_term_string}\"},\"query-input\":{\"@type\":\"PropertyValueSpecification\",\"valueRequired\":true,\"valueName\":\"search_term_string\"}}],\"inLanguage\":\"en-US\"},{\"@type\":\"Organization\",\"@id\":\"https:\\\/\\\/viestikyyhky.fi\\\/#organization\",\"name\":\"Suomen Viestikyyhky- Yhdistys\",\"url\":\"https:\\\/\\\/viestikyyhky.fi\\\/\",\"logo\":{\"@type\":\"ImageObject\",\"inLanguage\":\"en-US\",\"@id\":\"https:\\\/\\\/viestikyyhky.fi\\\/#\\\/schema\\\/logo\\\/image\\\/\",\"url\":\"https:\\\/\\\/viestikyyhky.fi\\\/wp-content\\\/uploads\\\/2025\\\/01\\\/Zaki-Logo-1.png\",\"contentUrl\":\"https:\\\/\\\/viestikyyhky.fi\\\/wp-content\\\/uploads\\\/2025\\\/01\\\/Zaki-Logo-1.png\",\"width\":1274,\"height\":354,\"caption\":\"Suomen Viestikyyhky- Yhdistys\"},\"image\":{\"@id\":\"https:\\\/\\\/viestikyyhky.fi\\\/#\\\/schema\\\/logo\\\/image\\\/\"}}]}<\/script>\n<!-- \/ Yoast SEO plugin. -->","yoast_head_json":{"title":"Home - Suomen Viestikyyhky- Yhdistys","robots":{"index":"index","follow":"follow","max-snippet":"max-snippet:-1","max-image-preview":"max-image-preview:large","max-video-preview":"max-video-preview:-1"},"canonical":"https:\/\/viestikyyhky.fi\/","og_locale":"en_US","og_type":"article","og_title":"Home - Suomen Viestikyyhky- Yhdistys","og_description":"Viestikyyhky on arvoituksellinen lintu Sen ainutlaatuinen kyky suunnistaa takaisin kotilakkaansa tuhansien kilometrien takaa on kiehtonut ihmismielt\u00e4 kautta historian. Maailmankirjallisuudessa on paljon tarinoita, joissa viestikyyhky on ollut t\u00e4rke\u00e4ss\u00e4 asemassa. Kaikki varmaan [&hellip;]","og_url":"https:\/\/viestikyyhky.fi\/","og_site_name":"Suomen Viestikyyhky- Yhdistys","article_modified_time":"2025-02-15T21:50:30+00:00","og_image":[{"width":750,"height":530,"url":"https:\/\/viestikyyhky.fi\/wp-content\/uploads\/2025\/02\/1000000256_transparent_Craiyon.png","type":"image\/png"}],"twitter_card":"summary_large_image","twitter_misc":{"Est. reading time":"1 minute"},"schema":{"@context":"https:\/\/schema.org","@graph":[{"@type":"WebPage","@id":"https:\/\/viestikyyhky.fi\/","url":"https:\/\/viestikyyhky.fi\/","name":"Home - Suomen Viestikyyhky- Yhdistys","isPartOf":{"@id":"https:\/\/viestikyyhky.fi\/#website"},"primaryImageOfPage":{"@id":"https:\/\/viestikyyhky.fi\/#primaryimage"},"image":{"@id":"https:\/\/viestikyyhky.fi\/#primaryimage"},"thumbnailUrl":"https:\/\/viestikyyhky.fi\/wp-content\/uploads\/2025\/02\/1000000256_transparent_Craiyon.png","datePublished":"2025-01-20T11:24:00+00:00","dateModified":"2025-02-15T21:50:30+00:00","breadcrumb":{"@id":"https:\/\/viestikyyhky.fi\/#breadcrumb"},"inLanguage":"en-US","potentialAction":[{"@type":"ReadAction","target":["https:\/\/viestikyyhky.fi\/"]}]},{"@type":"ImageObject","inLanguage":"en-US","@id":"https:\/\/viestikyyhky.fi\/#primaryimage","url":"https:\/\/viestikyyhky.fi\/wp-content\/uploads\/2025\/02\/1000000256_transparent_Craiyon.png","contentUrl":"https:\/\/viestikyyhky.fi\/wp-content\/uploads\/2025\/02\/1000000256_transparent_Craiyon.png","width":750,"height":530},{"@type":"BreadcrumbList","@id":"https:\/\/viestikyyhky.fi\/#breadcrumb","itemListElement":[{"@type":"ListItem","position":1,"name":"Home","item":"https:\/\/viestikyyhky.fi\/"},{"@type":"ListItem","position":2,"name":"Home"}]},{"@type":"WebSite","@id":"https:\/\/viestikyyhky.fi\/#website","url":"https:\/\/viestikyyhky.fi\/","name":"Suomen Viestikyyhky- Yhdistys","description":"","publisher":{"@id":"https:\/\/viestikyyhky.fi\/#organization"},"potentialAction":[{"@type":"SearchAction","target":{"@type":"EntryPoint","urlTemplate":"https:\/\/viestikyyhky.fi\/?s={search_term_string}"},"query-input":{"@type":"PropertyValueSpecification","valueRequired":true,"valueName":"search_term_string"}}],"inLanguage":"en-US"},{"@type":"Organization","@id":"https:\/\/viestikyyhky.fi\/#organization","name":"Suomen Viestikyyhky- Yhdistys","url":"https:\/\/viestikyyhky.fi\/","logo":{"@type":"ImageObject","inLanguage":"en-US","@id":"https:\/\/viestikyyhky.fi\/#\/schema\/logo\/image\/","url":"https:\/\/viestikyyhky.fi\/wp-content\/uploads\/2025\/01\/Zaki-Logo-1.png","contentUrl":"https:\/\/viestikyyhky.fi\/wp-content\/uploads\/2025\/01\/Zaki-Logo-1.png","width":1274,"height":354,"caption":"Suomen Viestikyyhky- Yhdistys"},"image":{"@id":"https:\/\/viestikyyhky.fi\/#\/schema\/logo\/image\/"}}]}},"_links":{"self":[{"href":"https:\/\/viestikyyhky.fi\/index.php\/wp-json\/wp\/v2\/pages\/11","targetHints":{"allow":["GET"]}}],"collection":[{"href":"https:\/\/viestikyyhky.fi\/index.php\/wp-json\/wp\/v2\/pages"}],"about":[{"href":"https:\/\/viestikyyhky.fi\/index.php\/wp-json\/wp\/v2\/types\/page"}],"author":[{"embeddable":true,"href":"https:\/\/viestikyyhky.fi\/index.php\/wp-json\/wp\/v2\/users\/1"}],"replies":[{"embeddable":true,"href":"https:\/\/viestikyyhky.fi\/index.php\/wp-json\/wp\/v2\/comments?post=11"}],"version-history":[{"count":7,"href":"https:\/\/viestikyyhky.fi\/index.php\/wp-json\/wp\/v2\/pages\/11\/revisions"}],"predecessor-version":[{"id":255,"href":"https:\/\/viestikyyhky.fi\/index.php\/wp-json\/wp\/v2\/pages\/11\/revisions\/255"}],"wp:attachment":[{"href":"https:\/\/viestikyyhky.fi\/index.php\/wp-json\/wp\/v2\/media?parent=11"}],"curies":[{"name":"wp","href":"https:\/\/api.w.org\/{rel}","templated":true}]}}